{"id":55,"date":"2022-06-10T22:38:57","date_gmt":"2022-06-10T22:38:57","guid":{"rendered":"http:\/\/www.buildinggroupusa.com\/?post_type=product&#038;p=55"},"modified":"2022-10-11T04:27:56","modified_gmt":"2022-10-11T04:27:56","slug":"2-3-8-x-113-ring-shank-round-head-nail","status":"publish","type":"product","link":"http:\/\/www.buildinggroupusa.com\/es\/producto\/2-3-8-x-113-ring-shank-round-head-nail\/","title":{"rendered":"Clavo de cabeza redonda con v\u00e1stago anillado de 2-3\/8\u2033 x .113"},"content":{"rendered":"","protected":false},"excerpt":{"rendered":"<p class=\" translation-block\">El clavo de v\u00e1stago anillado 8CRD113, 2-3\/8\u2033 x .113:<br>\nRecuento de cajas 5000<br>\nMaterial del sujetador Acero<br>\nAnillo tipo v\u00e1stago de sujetador<br>\nTipo de sujetador Clavo para enmarcar<br>\nHerramientas compatibles: Stanley Bostitch N80CB-1, Metabo HPT NV83A4, Senco SCN65XP, SCN60XP, PalletPro 100, Paslode P350C\/CNW90, Apach CN-70E, Dewalt D51855, MAX HN75, HN90, CN100, CN70, CN80, CN890F2, Fasco F58 CN15 -70 y otras clavadoras de marcos y tarimas de alambre de 15 grados.<\/p>\n<p>Aplicaciones adecuadas: estos clavos para tarimas y marcos de bobinas de alambre son excelentes para armazones, revestimientos, plataformas, tarimas y cajas, subsuelos y mucho m\u00e1s.<\/p>\n<p>Sujetadores intercambiables: SureFit (8CRD113).<\/p>\n<p>Tenga en cuenta: Dependiendo de la disponibilidad, podemos sustituir este producto con un intercambio id\u00e9ntico de otra marca, como Senco, Spotnails o SureFit. Las especificaciones del producto, el n\u00famero de cajas y la calidad de construcci\u00f3n seguir\u00e1n siendo id\u00e9nticas, pero pueden llegar en un embalaje alternativo. Si tiene requisitos de marca espec\u00edficos para su pedido de sujetadores, especif\u00edquelos en la secci\u00f3n de comentarios durante el pago.<\/p>\n<p>Residentes de California, este art\u00edculo califica para la legislaci\u00f3n de la Propuesta 65.<\/p>","protected":false},"featured_media":221,"template":"","meta":{"spay_email":""},"product_cat":[17,25],"product_tag":[],"_links":{"self":[{"href":"http:\/\/www.buildinggroupusa.com\/es\/wp-json\/wp\/v2\/product\/55"}],"collection":[{"href":"http:\/\/www.buildinggroupusa.com\/es\/wp-json\/wp\/v2\/product"}],"about":[{"href":"http:\/\/www.buildinggroupusa.com\/es\/wp-json\/wp\/v2\/types\/product"}],"wp:featuredmedia":[{"embeddable":true,"href":"http:\/\/www.buildinggroupusa.com\/es\/wp-json\/wp\/v2\/media\/221"}],"wp:attachment":[{"href":"http:\/\/www.buildinggroupusa.com\/es\/wp-json\/wp\/v2\/media?parent=55"}],"wp:term":[{"taxonomy":"product_cat","embeddable":true,"href":"http:\/\/www.buildinggroupusa.com\/es\/wp-json\/wp\/v2\/product_cat?post=55"},{"taxonomy":"product_tag","embeddable":true,"href":"http:\/\/www.buildinggroupusa.com\/es\/wp-json\/wp\/v2\/product_tag?post=55"}],"curies":[{"name":"wp","href":"https:\/\/api.w.org\/{rel}","templated":true}]}}