{"id":52,"date":"2022-06-10T22:29:05","date_gmt":"2022-06-10T22:29:05","guid":{"rendered":"http:\/\/www.buildinggroupusa.com\/?post_type=product&#038;p=52"},"modified":"2022-08-09T23:35:38","modified_gmt":"2022-08-09T23:35:38","slug":"52","status":"publish","type":"product","link":"http:\/\/www.buildinggroupusa.com\/es\/producto\/52\/","title":{"rendered":"Metabo HPT 10105 3\u2033 x 0.120 Clavo de pl\u00e1stico con tira de cabeza redonda de diamante liso (4M)"},"content":{"rendered":"<div class=\"woocommerce-product-details__short-description\">\n<p>Estos clavos para enmarcar miden 3\u201d de largo x 0,120 de di\u00e1metro. Son clavos de 21\u00b0, intercalados con pl\u00e1stico, de cabeza redonda completa y v\u00e1stago liso. Estos clavos son clavos brillantes, sin recubrimiento, no aptos para uso en cedro, secoya, madera tratada o aplicaciones expuestas. Estos clavos para estructuras son compatibles con las siguientes clavadoras neum\u00e1ticas e inal\u00e1mbricas HPT de Metabo: NR83A5, NR83A5(S), NR90AC5, NR90AE(S1) y la NR1890DR inal\u00e1mbrica. Tambi\u00e9n son compatibles con la mayor\u00eda de las clavadoras para estructuras de 20\u00b0 a 22\u00b0. Los clavos para armazones miden 3\u201d de largo x 0,120 de di\u00e1metro 21\u00b0 Clavos para armazones en tiras de pl\u00e1stico en tiras: se adaptan a la mayor\u00eda de las clavadoras para armazones de tiras de pl\u00e1stico de cabeza redonda Clavo de v\u00e1stago liso: Brinda suficiente poder de sujeci\u00f3n en la mayor\u00eda de las aplicaciones de madera, clavos brillantes sin recubrimiento que no deben usarse en cedro, secoya, madera tratada o aplicaciones expuestas., Compatibilidad: uso con clavadoras HPT de Metabo (incluyendo NR83A5, NR83A5(S), NR90AC5, NR90AES1, NR1890DR), N\u00famero: Aproximadamente 4000 clavos intercalados por caja<\/p>\n<\/div>\n<p class=\"first-payment-date\">","protected":false},"excerpt":{"rendered":"<p>Estos clavos para enmarcar miden 3\u201d de largo x 0,120 de di\u00e1metro. Son clavos de 21\u00b0, intercalados con pl\u00e1stico, de cabeza redonda completa y v\u00e1stago liso. Estos clavos son clavos brillantes, sin recubrimiento, no aptos para uso en cedro, secoya, madera tratada o aplicaciones expuestas. Estos clavos para estructuras son compatibles con las siguientes clavadoras neum\u00e1ticas e inal\u00e1mbricas HPT de Metabo: NR83A5, NR83A5(S), NR90AC5, NR90AE(S1) y la NR1890DR inal\u00e1mbrica. Tambi\u00e9n son compatibles con la mayor\u00eda de las clavadoras para estructuras de 20\u00b0 a 22\u00b0. Los clavos para armazones miden 3\u201d de largo x 0,120 de di\u00e1metro 21\u00b0 Clavos para armazones en tiras de pl\u00e1stico en tiras: se adaptan a la mayor\u00eda de las clavadoras para armazones de tiras de pl\u00e1stico de cabeza redonda Clavo de v\u00e1stago liso: Brinda suficiente poder de sujeci\u00f3n en la mayor\u00eda de las aplicaciones de madera, clavos brillantes sin recubrimiento que no deben usarse en cedro, secoya, madera tratada o aplicaciones expuestas., Compatibilidad: uso con clavadoras HPT de Metabo (incluyendo NR83A5, NR83A5(S), NR90AC5, NR90AES1, NR1890DR), N\u00famero: Aproximadamente 4000 clavos intercalados por caja<\/p>","protected":false},"featured_media":224,"template":"","meta":{"spay_email":""},"product_cat":[17],"product_tag":[64],"_links":{"self":[{"href":"http:\/\/www.buildinggroupusa.com\/es\/wp-json\/wp\/v2\/product\/52"}],"collection":[{"href":"http:\/\/www.buildinggroupusa.com\/es\/wp-json\/wp\/v2\/product"}],"about":[{"href":"http:\/\/www.buildinggroupusa.com\/es\/wp-json\/wp\/v2\/types\/product"}],"wp:featuredmedia":[{"embeddable":true,"href":"http:\/\/www.buildinggroupusa.com\/es\/wp-json\/wp\/v2\/media\/224"}],"wp:attachment":[{"href":"http:\/\/www.buildinggroupusa.com\/es\/wp-json\/wp\/v2\/media?parent=52"}],"wp:term":[{"taxonomy":"product_cat","embeddable":true,"href":"http:\/\/www.buildinggroupusa.com\/es\/wp-json\/wp\/v2\/product_cat?post=52"},{"taxonomy":"product_tag","embeddable":true,"href":"http:\/\/www.buildinggroupusa.com\/es\/wp-json\/wp\/v2\/product_tag?post=52"}],"curies":[{"name":"wp","href":"https:\/\/api.w.org\/{rel}","templated":true}]}}