{"id":50,"date":"2022-06-10T22:26:14","date_gmt":"2022-06-10T22:26:14","guid":{"rendered":"http:\/\/www.buildinggroupusa.com\/?post_type=product&#038;p=50"},"modified":"2022-10-11T04:32:23","modified_gmt":"2022-10-11T04:32:23","slug":"rolair-8422hk30-9-hp-two-stage-gas-powered-wheeled-air-compressor","status":"publish","type":"product","link":"http:\/\/www.buildinggroupusa.com\/es\/producto\/rolair-8422hk30-9-hp-two-stage-gas-powered-wheeled-air-compressor\/","title":{"rendered":"RolAir 8422HK30 Compresor de aire con ruedas, de dos etapas, a gas, de 9 HP"},"content":{"rendered":"","protected":false},"excerpt":{"rendered":"<p>Para los trabajos industriales que requieren potencia y portabilidad, el compresor de aire con ruedas de gas de dos etapas RolAir 8422HK30 de 9 HP est\u00e1 a la altura de las circunstancias. Con una potencia de 270 cc y un tanque de 9 galones, este compresor de aire de servicio pesado ofrece 20,1 CFM a 90 PSI. El compresor port\u00e1til m\u00e1s grande de su clase, el RolAir 8422HK30 tambi\u00e9n es eficiente. Su motor Honda GX270 de cuatro tiempos cuenta con un ralent\u00ed autom\u00e1tico para ahorrar combustible y un sistema de descarga atmosf\u00e9rica para reducir el uso de aceite.<\/p>\n<p>Uno de los muchos beneficios del 8422HK30 es que puede ejecutar m\u00faltiples herramientas a la vez, manejando aproximadamente 7-10 pistolas para enmarcar\/revestir o 9-12 pistolas para techos. Incluso las ruedas de este compresor de bajo perfil han sido cuidadosamente consideradas y vienen rellenas de espuma y antipinchazos para mayor tranquilidad. Las caracter\u00edsticas tambi\u00e9n incluyen placas de v\u00e1lvulas y cilindros gemelos hechos de hierro fundido, v\u00e1lvulas de l\u00e1minas laminares suecas, bielas de aleaci\u00f3n de aluminio con insertos de estilo automotriz, volante de inercia de 15.16\u2033 con aletas m\u00faltiples y una mirilla de aceite. Incluye un a\u00f1o de garant\u00eda del fabricante.<\/p>\n<p>Residentes de California, este art\u00edculo califica para la legislaci\u00f3n de la Propuesta 65.<\/p>\n<p><strong>Material de la carcasa: aluminio<\/strong><\/p>\n<p>&nbsp;<\/p>","protected":false},"featured_media":219,"template":"","meta":{"spay_email":""},"product_cat":[17,24],"product_tag":[65],"_links":{"self":[{"href":"http:\/\/www.buildinggroupusa.com\/es\/wp-json\/wp\/v2\/product\/50"}],"collection":[{"href":"http:\/\/www.buildinggroupusa.com\/es\/wp-json\/wp\/v2\/product"}],"about":[{"href":"http:\/\/www.buildinggroupusa.com\/es\/wp-json\/wp\/v2\/types\/product"}],"wp:featuredmedia":[{"embeddable":true,"href":"http:\/\/www.buildinggroupusa.com\/es\/wp-json\/wp\/v2\/media\/219"}],"wp:attachment":[{"href":"http:\/\/www.buildinggroupusa.com\/es\/wp-json\/wp\/v2\/media?parent=50"}],"wp:term":[{"taxonomy":"product_cat","embeddable":true,"href":"http:\/\/www.buildinggroupusa.com\/es\/wp-json\/wp\/v2\/product_cat?post=50"},{"taxonomy":"product_tag","embeddable":true,"href":"http:\/\/www.buildinggroupusa.com\/es\/wp-json\/wp\/v2\/product_tag?post=50"}],"curies":[{"name":"wp","href":"https:\/\/api.w.org\/{rel}","templated":true}]}}