{"id":47,"date":"2022-06-10T22:17:44","date_gmt":"2022-06-10T22:17:44","guid":{"rendered":"http:\/\/www.buildinggroupusa.com\/?post_type=product&#038;p=47"},"modified":"2022-10-11T04:35:54","modified_gmt":"2022-10-11T04:35:54","slug":"rolair-airkegplus-10-gallon-portable-air-tank","status":"publish","type":"product","link":"http:\/\/www.buildinggroupusa.com\/es\/producto\/rolair-airkegplus-10-gallon-portable-air-tank\/","title":{"rendered":"Tanque de aire port\u00e1til RolAir AIRKEGPLUS de 10 galones"},"content":{"rendered":"","protected":false},"excerpt":{"rendered":"<div class=\"value\">\n<p>Un asistente invaluable en trabajos de alto volumen, el tanque auxiliar AIRKEGPLUS de RolAir tiene una capacidad de 10 galones y cuatro puertos de salida de 3\/8 \u2033 para usar varias herramientas simult\u00e1neamente. Este suministro de aire secundario est\u00e1 destinado a evitar que el compresor de aire realice ciclos cortos y se desconecte con tanta frecuencia. Tambi\u00e9n produce un flujo de aire m\u00e1s consistente, lo que minimiza la p\u00e9rdida por fricci\u00f3n a lo largo de las distancias y genera menos clavos escalonados y otros problemas. Este tanque de aire auxiliar est\u00e1 hecho de acero y tiene una clasificaci\u00f3n de presi\u00f3n m\u00e1xima de 225 PSI, m\u00e1s generosa que su predecesor AIRKEG.<\/p>\n<p>Con un mango ergon\u00f3mico y un peso de solo 31 libras, el AIRKEGPLUS es muy port\u00e1til. Uno de los muchos beneficios del tanque de aire auxiliar es un entorno de trabajo m\u00e1s silencioso y seguro, especialmente durante trabajos pesados como estructuras, techos y pisos. Otras caracter\u00edsticas incluyen una entrada de v\u00e1lvula de retenci\u00f3n de 90\u00b0, drenaje de v\u00e1lvula de bola y man\u00f3metro orientado hacia arriba. El AIRKEGPLUS cumple con los requisitos del C\u00f3digo de recipientes a presi\u00f3n y calderas de ASME.<\/p>\n<p>La \u00faltima versi\u00f3n incluye cuatro acopladores universales de 1\/4\u201d y empaque redise\u00f1ado.<strong>\u00a0Este art\u00edculo reemplaza el RolAir AIRKEG (#TNKASYAIRPBT-ASME) y AIRKEG2<\/strong>.<\/p>\n<p><strong>Material de la carcasa: aluminio<\/strong><\/p>\n<\/div>\n<p>&nbsp;<\/p>\n<div><strong>ADVERTENCIA:<\/strong>\u00a0Residentes de California, este art\u00edculo califica para legislaci\u00f3n\u00a0<a href=\"https:\/\/www.p65warnings.ca.gov\/\" target=\"_blank\" rel=\"noopener\"><strong>Proposici\u00f3n 65<\/strong><\/a>\u00a0.<\/div>","protected":false},"featured_media":225,"template":"","meta":{"spay_email":""},"product_cat":[17],"product_tag":[65],"_links":{"self":[{"href":"http:\/\/www.buildinggroupusa.com\/es\/wp-json\/wp\/v2\/product\/47"}],"collection":[{"href":"http:\/\/www.buildinggroupusa.com\/es\/wp-json\/wp\/v2\/product"}],"about":[{"href":"http:\/\/www.buildinggroupusa.com\/es\/wp-json\/wp\/v2\/types\/product"}],"wp:featuredmedia":[{"embeddable":true,"href":"http:\/\/www.buildinggroupusa.com\/es\/wp-json\/wp\/v2\/media\/225"}],"wp:attachment":[{"href":"http:\/\/www.buildinggroupusa.com\/es\/wp-json\/wp\/v2\/media?parent=47"}],"wp:term":[{"taxonomy":"product_cat","embeddable":true,"href":"http:\/\/www.buildinggroupusa.com\/es\/wp-json\/wp\/v2\/product_cat?post=47"},{"taxonomy":"product_tag","embeddable":true,"href":"http:\/\/www.buildinggroupusa.com\/es\/wp-json\/wp\/v2\/product_tag?post=47"}],"curies":[{"name":"wp","href":"https:\/\/api.w.org\/{rel}","templated":true}]}}