{"id":341,"date":"2022-07-21T00:00:18","date_gmt":"2022-07-21T00:00:18","guid":{"rendered":"http:\/\/www.buildinggroupusa.com\/?post_type=product&#038;p=341"},"modified":"2022-10-11T03:02:00","modified_gmt":"2022-10-11T03:02:00","slug":"power-trowels","status":"publish","type":"product","link":"http:\/\/www.buildinggroupusa.com\/es\/producto\/power-trowels\/","title":{"rendered":"Allanadoras El\u00e9ctricas 36"},"content":{"rendered":"<p class=\" translation-block\">Las allanadoras el\u00e9ctricas MARSHALLTOWN hacen que sea a\u00fan m\u00e1s f\u00e1cil lograr superficies de concreto m\u00e1s planas y de aspecto m\u00e1s profesional de forma m\u00e1s r\u00e1pida y sencilla. Elija entre una allanadora el\u00e9ctrica de 36\u201d o 46\u201d y su estilo de lanzamiento preferido. Rapid Pitch es ideal para contratistas que prefieren cambios r\u00e1pidos en la inclinaci\u00f3n de las hojas, mientras que el estilo Knob le ofrece una cantidad infinitamente variable de ajustes finos para colocar las hojas exactamente donde las desea. Ambos tama\u00f1os y opciones de estilo de cabeceo vienen equipados con caracter\u00edsticas tales como una puerta de servicio conveniente para facilitar el mantenimiento, un interruptor centr\u00edfugo de seguridad, ganchos de elevaci\u00f3n para facilitar el transporte y un dise\u00f1o de caja de engranajes confiable que maximiza la transferencia de torsi\u00f3n. Tambi\u00e9n puede elegir entre tres tama\u00f1os de motor. Cada Power Allanadora viene con cuatro cuchillas combinadas complementarias. Nuestras allanadoras el\u00e9ctricas de operador a pie est\u00e1n fabricadas en los EE. UU. con materiales globales.<br><\/p>","protected":false},"excerpt":{"rendered":"<p><strong>Size:<\/strong> 36\u00a0in\u00a0(914.4\u00a0mm)<\/p>\n<p><strong>Handle:<\/strong>\u00a0Rapid Pitch<\/p>\n<p><strong>Engine Options:<\/strong> 160-260 CC Engine<\/p>\n<p class=\" translation-block\">Las allanadoras el\u00e9ctricas MARSHALLTOWN hacen que sea a\u00fan m\u00e1s f\u00e1cil lograr superficies de concreto m\u00e1s planas y de aspecto m\u00e1s profesional de forma m\u00e1s r\u00e1pida y sencilla. Elija entre una allanadora el\u00e9ctrica de 36\u201d o 46\u201d y su estilo de lanzamiento preferido. Rapid Pitch es ideal para contratistas que prefieren cambios r\u00e1pidos en la inclinaci\u00f3n de las hojas, mientras que el estilo Knob le ofrece una cantidad infinitamente variable de ajustes finos para colocar las hojas exactamente donde las desea. Ambos tama\u00f1os y opciones de estilo de cabeceo vienen equipados con caracter\u00edsticas tales como una puerta de servicio conveniente para facilitar el mantenimiento, un interruptor centr\u00edfugo de seguridad, ganchos de elevaci\u00f3n para facilitar el transporte y un dise\u00f1o de caja de engranajes confiable que maximiza la transferencia de torsi\u00f3n. Tambi\u00e9n puede elegir entre tres tama\u00f1os de motor. Cada Power Allanadora viene con cuatro cuchillas combinadas complementarias. Nuestras allanadoras el\u00e9ctricas de operador a pie est\u00e1n fabricadas en los EE. UU. con materiales globales.<br><\/p>","protected":false},"featured_media":342,"template":"","meta":{"spay_email":""},"product_cat":[75,21,52],"product_tag":[67],"_links":{"self":[{"href":"http:\/\/www.buildinggroupusa.com\/es\/wp-json\/wp\/v2\/product\/341"}],"collection":[{"href":"http:\/\/www.buildinggroupusa.com\/es\/wp-json\/wp\/v2\/product"}],"about":[{"href":"http:\/\/www.buildinggroupusa.com\/es\/wp-json\/wp\/v2\/types\/product"}],"wp:featuredmedia":[{"embeddable":true,"href":"http:\/\/www.buildinggroupusa.com\/es\/wp-json\/wp\/v2\/media\/342"}],"wp:attachment":[{"href":"http:\/\/www.buildinggroupusa.com\/es\/wp-json\/wp\/v2\/media?parent=341"}],"wp:term":[{"taxonomy":"product_cat","embeddable":true,"href":"http:\/\/www.buildinggroupusa.com\/es\/wp-json\/wp\/v2\/product_cat?post=341"},{"taxonomy":"product_tag","embeddable":true,"href":"http:\/\/www.buildinggroupusa.com\/es\/wp-json\/wp\/v2\/product_tag?post=341"}],"curies":[{"name":"wp","href":"https:\/\/api.w.org\/{rel}","templated":true}]}}