{"id":337,"date":"2022-07-20T23:40:19","date_gmt":"2022-07-20T23:40:19","guid":{"rendered":"http:\/\/www.buildinggroupusa.com\/?post_type=product&#038;p=337"},"modified":"2022-10-11T03:04:23","modified_gmt":"2022-10-11T03:04:23","slug":"grip-rite-2-3-8-in-11-5-gauge-vinyl-coated-steel-sinker-nails-3886-piece","status":"publish","type":"product","link":"http:\/\/www.buildinggroupusa.com\/es\/producto\/grip-rite-2-3-8-in-11-5-gauge-vinyl-coated-steel-sinker-nails-3886-piece\/","title":{"rendered":"Grip-Rite Clavos de acero revestidos de vinilo calibre 11,5 de 2-3\/8 pulgadas (3886 piezas)"},"content":{"rendered":"<p>Para la selecci\u00f3n m\u00e1s completa de clavos y tornillos, busque Grip-Rite, la marca de sujetadores m\u00e1s popular en los Estados Unidos. No importa cu\u00e1l sea el proyecto o el tama\u00f1o del trabajo; Grip-Rite tiene la soluci\u00f3n de sujeci\u00f3n \u00f3ptima. Hay muchos tama\u00f1os y estilos de u\u00f1as disponibles. A medida que evolucionan los materiales y las t\u00e9cnicas de construcci\u00f3n, el dise\u00f1o de sujetadores sigue el ritmo de la tecnolog\u00eda cambiante. Las necesidades de sujetadores var\u00edan de un proyecto a otro y la seguridad y la vida \u00fatil del proyecto pueden extenderse o verse comprometidas seg\u00fan el sujetador utilizado. Los sujetadores se han dise\u00f1ado para satisfacer las necesidades especiales de proyectos como techado o paneles de yeso y, en muchos casos, se conocen por la aplicaci\u00f3n a la que est\u00e1n destinados.<br \/>\nCantidad del paquete aproximadamente 3886 piezas<\/p>\n<p class=\" translation-block\">Para construcci\u00f3n en general, carpinter\u00eda y carpinter\u00eda<br>\nLa cabeza avellanada a cuadros est\u00e1 dise\u00f1ada para hundirse al ras de la superficie<br>\nEl revestimiento de vinilo facilita la conducci\u00f3n de clavos y proporciona una mayor fuerza de sujeci\u00f3n<br>\nUso donde no se requiere resistencia a la corrosi\u00f3n<\/p>","protected":false},"excerpt":{"rendered":"<p class=\" translation-block\">Cantidad del paquete aproximadamente 3886 piezas<br>\nPara construcci\u00f3n en general, carpinter\u00eda y carpinter\u00eda<br>\nLa cabeza avellanada a cuadros est\u00e1 dise\u00f1ada para hundirse al ras de la superficie<\/p>","protected":false},"featured_media":338,"template":"","meta":{"spay_email":""},"product_cat":[71,21],"product_tag":[73],"_links":{"self":[{"href":"http:\/\/www.buildinggroupusa.com\/es\/wp-json\/wp\/v2\/product\/337"}],"collection":[{"href":"http:\/\/www.buildinggroupusa.com\/es\/wp-json\/wp\/v2\/product"}],"about":[{"href":"http:\/\/www.buildinggroupusa.com\/es\/wp-json\/wp\/v2\/types\/product"}],"wp:featuredmedia":[{"embeddable":true,"href":"http:\/\/www.buildinggroupusa.com\/es\/wp-json\/wp\/v2\/media\/338"}],"wp:attachment":[{"href":"http:\/\/www.buildinggroupusa.com\/es\/wp-json\/wp\/v2\/media?parent=337"}],"wp:term":[{"taxonomy":"product_cat","embeddable":true,"href":"http:\/\/www.buildinggroupusa.com\/es\/wp-json\/wp\/v2\/product_cat?post=337"},{"taxonomy":"product_tag","embeddable":true,"href":"http:\/\/www.buildinggroupusa.com\/es\/wp-json\/wp\/v2\/product_tag?post=337"}],"curies":[{"name":"wp","href":"https:\/\/api.w.org\/{rel}","templated":true}]}}