{"id":335,"date":"2022-07-20T23:25:55","date_gmt":"2022-07-20T23:25:55","guid":{"rendered":"http:\/\/www.buildinggroupusa.com\/?post_type=product&#038;p=335"},"modified":"2022-07-25T20:13:08","modified_gmt":"2022-07-25T20:13:08","slug":"19000-3-1-4-x-0-148-16-penny-vinyl-coated-smooth-sinker-nail","status":"publish","type":"product","link":"http:\/\/www.buildinggroupusa.com\/es\/producto\/19000-3-1-4-x-0-148-16-penny-vinyl-coated-smooth-sinker-nail\/","title":{"rendered":"19000 3-1\/4\u2033 x 0.148 16-Penny Clavo de plomo liso recubierto de vinilo"},"content":{"rendered":"","protected":false},"excerpt":{"rendered":"<p>N\u00famero de pieza del fabricante 19000<br \/>\nUPC 663099688384<br \/>\nCondici\u00f3n: Nuevo<br \/>\nPeso 50.000000<br \/>\nRecuento de patines:<br \/>\nProp 65 Warning<br \/>\nAdvertencia de la Prop. 65:<br \/>\nEste producto puede exponerlo a una sustancia qu\u00edmica (o sustancias qu\u00edmicas) que el Estado de California reconoce como causantes de c\u00e1ncer o da\u00f1os reproductivos. Para obtener m\u00e1s informaci\u00f3n, visite www.P65Warnings.ca.gov<\/p>","protected":false},"featured_media":336,"template":"","meta":{"spay_email":""},"product_cat":[21,51,69],"product_tag":[],"_links":{"self":[{"href":"http:\/\/www.buildinggroupusa.com\/es\/wp-json\/wp\/v2\/product\/335"}],"collection":[{"href":"http:\/\/www.buildinggroupusa.com\/es\/wp-json\/wp\/v2\/product"}],"about":[{"href":"http:\/\/www.buildinggroupusa.com\/es\/wp-json\/wp\/v2\/types\/product"}],"wp:featuredmedia":[{"embeddable":true,"href":"http:\/\/www.buildinggroupusa.com\/es\/wp-json\/wp\/v2\/media\/336"}],"wp:attachment":[{"href":"http:\/\/www.buildinggroupusa.com\/es\/wp-json\/wp\/v2\/media?parent=335"}],"wp:term":[{"taxonomy":"product_cat","embeddable":true,"href":"http:\/\/www.buildinggroupusa.com\/es\/wp-json\/wp\/v2\/product_cat?post=335"},{"taxonomy":"product_tag","embeddable":true,"href":"http:\/\/www.buildinggroupusa.com\/es\/wp-json\/wp\/v2\/product_tag?post=335"}],"curies":[{"name":"wp","href":"https:\/\/api.w.org\/{rel}","templated":true}]}}