{"id":333,"date":"2022-07-20T23:19:45","date_gmt":"2022-07-20T23:19:45","guid":{"rendered":"http:\/\/www.buildinggroupusa.com\/?post_type=product&#038;p=333"},"modified":"2022-07-25T20:12:36","modified_gmt":"2022-07-25T20:12:36","slug":"16d-duplex-f-3-1-4-x-0-177-bright-duplex-nail","status":"publish","type":"product","link":"http:\/\/www.buildinggroupusa.com\/es\/producto\/16d-duplex-f-3-1-4-x-0-177-bright-duplex-nail\/","title":{"rendered":"16D-DUPLEX-F 3-1\/4&#8243; x 0.177 Bright Duplex Nail"},"content":{"rendered":"","protected":false},"excerpt":{"rendered":"<p>N\u00famero de pieza del fabricante 16D-DUPLEX-F<br \/>\nUPC 000251628237<br \/>\nCondici\u00f3n: Nuevo<br \/>\nPeso 50.000000<br \/>\nRecuento de patines:<br \/>\nProp 65 Warning<br \/>\nAdvertencia de la Prop. 65:<br \/>\nEste producto puede exponerlo a una sustancia qu\u00edmica (o sustancias qu\u00edmicas) que el Estado de California reconoce como causantes de c\u00e1ncer o da\u00f1os reproductivos. Para obtener m\u00e1s informaci\u00f3n, visite www.P65Warnings.ca.gov<\/p>","protected":false},"featured_media":334,"template":"","meta":{"spay_email":""},"product_cat":[21,68,51],"product_tag":[],"_links":{"self":[{"href":"http:\/\/www.buildinggroupusa.com\/es\/wp-json\/wp\/v2\/product\/333"}],"collection":[{"href":"http:\/\/www.buildinggroupusa.com\/es\/wp-json\/wp\/v2\/product"}],"about":[{"href":"http:\/\/www.buildinggroupusa.com\/es\/wp-json\/wp\/v2\/types\/product"}],"wp:featuredmedia":[{"embeddable":true,"href":"http:\/\/www.buildinggroupusa.com\/es\/wp-json\/wp\/v2\/media\/334"}],"wp:attachment":[{"href":"http:\/\/www.buildinggroupusa.com\/es\/wp-json\/wp\/v2\/media?parent=333"}],"wp:term":[{"taxonomy":"product_cat","embeddable":true,"href":"http:\/\/www.buildinggroupusa.com\/es\/wp-json\/wp\/v2\/product_cat?post=333"},{"taxonomy":"product_tag","embeddable":true,"href":"http:\/\/www.buildinggroupusa.com\/es\/wp-json\/wp\/v2\/product_tag?post=333"}],"curies":[{"name":"wp","href":"https:\/\/api.w.org\/{rel}","templated":true}]}}