{"id":331,"date":"2022-07-20T23:10:54","date_gmt":"2022-07-20T23:10:54","guid":{"rendered":"http:\/\/www.buildinggroupusa.com\/?post_type=product&#038;p=331"},"modified":"2022-10-11T03:07:30","modified_gmt":"2022-10-11T03:07:30","slug":"curved-or-straight-end-hand-edgers","status":"publish","type":"product","link":"http:\/\/www.buildinggroupusa.com\/es\/producto\/curved-or-straight-end-hand-edgers\/","title":{"rendered":"Curved or Straight End Hand Edgers"},"content":{"rendered":"","protected":false},"excerpt":{"rendered":"<p><strong>Blade Material:<\/strong> Blue steel<\/p>\n<p><strong>Type:<\/strong> Curved<\/p>\n<p><strong>Length:<\/strong> 6\u00a0in\u00a0(152\u00a0mm)<\/p>\n<p><strong>Width:<\/strong> 4\u00a0in\u00a0(102\u00a0mm)<\/p>\n<p><strong>Radius:<\/strong> 3\u20448 (10 mm)<\/p>\n<p><strong>Lip:<\/strong> 1\u20442 (13 mm)<\/p>\n<p>Las bordeadoras manuales de extremo curvo o recto de MARSHALLTOWN ayudan a hacer bordes en losas de concreto y vienen con un mango DuraSoft\u00ae que ofrece mayor comodidad. La creaci\u00f3n de bordes ayuda a prevenir las grietas y, con ambos extremos de la bordeadora curva en \u00e1ngulo, puede ir c\u00f3modamente en cualquier direcci\u00f3n. Ambos tipos vienen en la opci\u00f3n de material de hoja de acero al carbono, acero inoxidable o acero azul. Cada producto tambi\u00e9n tiene la opci\u00f3n de tama\u00f1o de hoja, tama\u00f1o de radio y tama\u00f1o de labio. Cualquiera de ellos brind\u00e1ndole resultados de calidad a sus proyectos concretos. Este producto est\u00e1 fabricado en EE. UU. con materiales globales.<br \/>\nMaterial de hoja de acero al carbono, acero inoxidable o acero azul<br \/>\nViene con un mango DuraSoft\u00ae<br \/>\nElija un estilo curvo o recto<br \/>\nElija un tama\u00f1o de hoja, tama\u00f1o de radio y tama\u00f1o de labio<br \/>\nFabricado en los Estados Unidos con materiales globales.<\/p>","protected":false},"featured_media":332,"template":"","meta":{"spay_email":""},"product_cat":[21],"product_tag":[67],"_links":{"self":[{"href":"http:\/\/www.buildinggroupusa.com\/es\/wp-json\/wp\/v2\/product\/331"}],"collection":[{"href":"http:\/\/www.buildinggroupusa.com\/es\/wp-json\/wp\/v2\/product"}],"about":[{"href":"http:\/\/www.buildinggroupusa.com\/es\/wp-json\/wp\/v2\/types\/product"}],"wp:featuredmedia":[{"embeddable":true,"href":"http:\/\/www.buildinggroupusa.com\/es\/wp-json\/wp\/v2\/media\/332"}],"wp:attachment":[{"href":"http:\/\/www.buildinggroupusa.com\/es\/wp-json\/wp\/v2\/media?parent=331"}],"wp:term":[{"taxonomy":"product_cat","embeddable":true,"href":"http:\/\/www.buildinggroupusa.com\/es\/wp-json\/wp\/v2\/product_cat?post=331"},{"taxonomy":"product_tag","embeddable":true,"href":"http:\/\/www.buildinggroupusa.com\/es\/wp-json\/wp\/v2\/product_tag?post=331"}],"curies":[{"name":"wp","href":"https:\/\/api.w.org\/{rel}","templated":true}]}}