{"id":329,"date":"2022-07-20T23:06:17","date_gmt":"2022-07-20T23:06:17","guid":{"rendered":"http:\/\/www.buildinggroupusa.com\/?post_type=product&#038;p=329"},"modified":"2022-10-11T03:09:20","modified_gmt":"2022-10-11T03:09:20","slug":"round-handled-placer","status":"publish","type":"product","link":"http:\/\/www.buildinggroupusa.com\/es\/producto\/round-handled-placer\/","title":{"rendered":"Colocador de mango redondo"},"content":{"rendered":"","protected":false},"excerpt":{"rendered":"<p><strong>Handle Length:<\/strong> 60\u00a0in\u00a0(1524.0\u00a0mm)<\/p>\n<p><strong>Hook:<\/strong> No<\/p>\n<p class=\" translation-block\">Los colocadores de mango redondo MARSHALLTOWN son herramientas livianas de aluminio que caben c\u00f3modamente en su mano mientras instala las barras de refuerzo y extiende y coloca el concreto. El mango azul duradero est\u00e1 disponible en su elecci\u00f3n de 48 \"o 60\" de largo. Ambas opciones est\u00e1n reforzadas para mayor resistencia y cuentan con un acabado con recubrimiento en polvo. El mango de 60\u201d tambi\u00e9n est\u00e1 disponible con o sin gancho. Encuentre el mejor colocador de concreto que se adapte a sus necesidades. Este producto est\u00e1 fabricado en EE. UU. con materiales globales.<br><\/p>","protected":false},"featured_media":330,"template":"","meta":{"spay_email":""},"product_cat":[21,48],"product_tag":[67],"_links":{"self":[{"href":"http:\/\/www.buildinggroupusa.com\/es\/wp-json\/wp\/v2\/product\/329"}],"collection":[{"href":"http:\/\/www.buildinggroupusa.com\/es\/wp-json\/wp\/v2\/product"}],"about":[{"href":"http:\/\/www.buildinggroupusa.com\/es\/wp-json\/wp\/v2\/types\/product"}],"wp:featuredmedia":[{"embeddable":true,"href":"http:\/\/www.buildinggroupusa.com\/es\/wp-json\/wp\/v2\/media\/330"}],"wp:attachment":[{"href":"http:\/\/www.buildinggroupusa.com\/es\/wp-json\/wp\/v2\/media?parent=329"}],"wp:term":[{"taxonomy":"product_cat","embeddable":true,"href":"http:\/\/www.buildinggroupusa.com\/es\/wp-json\/wp\/v2\/product_cat?post=329"},{"taxonomy":"product_tag","embeddable":true,"href":"http:\/\/www.buildinggroupusa.com\/es\/wp-json\/wp\/v2\/product_tag?post=329"}],"curies":[{"name":"wp","href":"https:\/\/api.w.org\/{rel}","templated":true}]}}