{"id":327,"date":"2022-07-20T23:00:53","date_gmt":"2022-07-20T23:00:53","guid":{"rendered":"http:\/\/www.buildinggroupusa.com\/?post_type=product&#038;p=327"},"modified":"2022-10-12T22:23:38","modified_gmt":"2022-10-12T22:23:38","slug":"the-hog-magnesium-hand-floats","status":"publish","type":"product","link":"http:\/\/www.buildinggroupusa.com\/es\/producto\/the-hog-magnesium-hand-floats\/","title":{"rendered":"Flotadores de mano de magnesio \"The Hog\""},"content":{"rendered":"<p>Los flotadores manuales de magnesio \u201cThe Hog\u201d de MARSHALLTOWN est\u00e1n especialmente dise\u00f1ados con una hoja m\u00e1s ancha para cubrir m\u00e1s \u00e1rea de superficie cuando se flotan losas y concreto con aire incorporado. Cada aspa est\u00e1 construida con magnesio liviano y duradero, y tiene una forma de longitud que var\u00eda de 12\" a 24\" con un ancho est\u00e1ndar de 3 \u00be\". Puede elegir el material y el estilo del mango que prefiera para adaptarse a su preferencia de comodidad y agarre. Estos flotadores de hormig\u00f3n est\u00e1n fabricados en los Estados Unidos con materiales globales.<\/p>","protected":false},"excerpt":{"rendered":"<p><strong>Length:<\/strong>12 in (305 mm)<\/p>\n<p><strong>Handled Material<\/strong>: Wood<\/p>\n<p><strong>Handled Style:<\/strong> Standard<\/p>\n<p>MARSHALLTOWN\u2019s \u201cThe Hog\u201d Magnesium Hand Floats are specially designed with a wider blade to cover more surface area when floating slab and air entrained concrete. Each blade is constructed from a durable, lightweight magnesium, and shaped into lengths ranging from 12\u201d to 24\u201d with a standard 3 \u00be\u201d width.<\/p>","protected":false},"featured_media":328,"template":"","meta":{"spay_email":""},"product_cat":[21,47],"product_tag":[67],"_links":{"self":[{"href":"http:\/\/www.buildinggroupusa.com\/es\/wp-json\/wp\/v2\/product\/327"}],"collection":[{"href":"http:\/\/www.buildinggroupusa.com\/es\/wp-json\/wp\/v2\/product"}],"about":[{"href":"http:\/\/www.buildinggroupusa.com\/es\/wp-json\/wp\/v2\/types\/product"}],"wp:featuredmedia":[{"embeddable":true,"href":"http:\/\/www.buildinggroupusa.com\/es\/wp-json\/wp\/v2\/media\/328"}],"wp:attachment":[{"href":"http:\/\/www.buildinggroupusa.com\/es\/wp-json\/wp\/v2\/media?parent=327"}],"wp:term":[{"taxonomy":"product_cat","embeddable":true,"href":"http:\/\/www.buildinggroupusa.com\/es\/wp-json\/wp\/v2\/product_cat?post=327"},{"taxonomy":"product_tag","embeddable":true,"href":"http:\/\/www.buildinggroupusa.com\/es\/wp-json\/wp\/v2\/product_tag?post=327"}],"curies":[{"name":"wp","href":"https:\/\/api.w.org\/{rel}","templated":true}]}}