{"id":325,"date":"2022-07-20T22:51:44","date_gmt":"2022-07-20T22:51:44","guid":{"rendered":"http:\/\/www.buildinggroupusa.com\/?post_type=product&#038;p=325"},"modified":"2022-10-11T03:14:55","modified_gmt":"2022-10-11T03:14:55","slug":"extended-life-gold-power-trowel-blades","status":"publish","type":"product","link":"http:\/\/www.buildinggroupusa.com\/es\/producto\/extended-life-gold-power-trowel-blades\/","title":{"rendered":"Hojas para allanadoras Gold Power de larga duraci\u00f3n"},"content":{"rendered":"<p class=\" translation-block\">La hoja combinada de 8\u2033 X 18\u2033 se adapta a las allanadoras el\u00e9ctricas Cyclone\u2122. Aseg\u00farese de tener las piezas de repuesto correctas para que sus allanadoras el\u00e9ctricas Cyclone\u2122 funcionen bien.<br>\nPeso de env\u00edo 18.10 libras<br>\nLongitud de env\u00edo 18.10 pulg.<br>\nAncho de env\u00edo 8,80 pulg.<br>\nAltura de env\u00edo 2,00 pulg.<br>\nPaquete interno Cantidad 4 piezas<br>\nPaquete exterior Cantidad 4 piezas<br>\nSe puede enviar un paquete peque\u00f1o S\u00cd<br>\nCUP N\/A<\/p>","protected":false},"excerpt":{"rendered":"<p class=\" translation-block\">Las hojas para allanadoras el\u00e9ctricas Gold de vida \u00fatil prolongada de MARSHALLTOWN est\u00e1n fabricadas con acero dorado templado y endurecido de alta calidad que dura un 50 % m\u00e1s que las hojas para allanadoras el\u00e9ctricas est\u00e1ndar. Est\u00e1n disponibles en tres tipos de cuchillas adecuadas para allanadoras el\u00e9ctricas \"con operador a bordo\". Elija entre una hoja de acabado, una hoja combinada o una hoja de acabado plano con esquinas redondeadas, y elija la longitud, el ancho y el tama\u00f1o espec\u00edfico de su m\u00e1quina para encontrar el ajuste perfecto para su allanadora el\u00e9ctrica. Estas cuchillas Power Trowel est\u00e1n fabricadas en los EE. UU. con materiales globales.<br><\/p>","protected":false},"featured_media":326,"template":"","meta":{"spay_email":""},"product_cat":[21,46],"product_tag":[67],"_links":{"self":[{"href":"http:\/\/www.buildinggroupusa.com\/es\/wp-json\/wp\/v2\/product\/325"}],"collection":[{"href":"http:\/\/www.buildinggroupusa.com\/es\/wp-json\/wp\/v2\/product"}],"about":[{"href":"http:\/\/www.buildinggroupusa.com\/es\/wp-json\/wp\/v2\/types\/product"}],"wp:featuredmedia":[{"embeddable":true,"href":"http:\/\/www.buildinggroupusa.com\/es\/wp-json\/wp\/v2\/media\/326"}],"wp:attachment":[{"href":"http:\/\/www.buildinggroupusa.com\/es\/wp-json\/wp\/v2\/media?parent=325"}],"wp:term":[{"taxonomy":"product_cat","embeddable":true,"href":"http:\/\/www.buildinggroupusa.com\/es\/wp-json\/wp\/v2\/product_cat?post=325"},{"taxonomy":"product_tag","embeddable":true,"href":"http:\/\/www.buildinggroupusa.com\/es\/wp-json\/wp\/v2\/product_tag?post=325"}],"curies":[{"name":"wp","href":"https:\/\/api.w.org\/{rel}","templated":true}]}}