{"id":321,"date":"2022-07-20T22:36:16","date_gmt":"2022-07-20T22:36:16","guid":{"rendered":"http:\/\/www.buildinggroupusa.com\/?post_type=product&#038;p=321"},"modified":"2022-10-11T03:18:33","modified_gmt":"2022-10-11T03:18:33","slug":"tytan-international-tst181w-nylon-twisted-seine-twine-white-18-in-x-1000-ft","status":"publish","type":"product","link":"http:\/\/www.buildinggroupusa.com\/es\/producto\/tytan-international-tst181w-nylon-twisted-seine-twine-white-18-in-x-1000-ft\/","title":{"rendered":"Tytan International TST181W Cordel de cerco trenzado de nailon; Blanco: 18 pulg. x 1000 pies."},"content":{"rendered":"<p class=\" translation-block\"><strong>Restricciones y cumplimiento<\/strong><br>\nADVERTENCIA: C\u00e1ncer y da\u00f1os reproductivos Para obtener m\u00e1s informaci\u00f3n, visite www.P65Warnings.ca.gov<br>\nEste producto no est\u00e1 dise\u00f1ado para aplicaciones de agua potable (consumo humano: beber y cocinar) y no ha sido dise\u00f1ado para cumplir con los requisitos de la \"Ley de agua potable segura\" para aplicaciones de agua potable con bajo contenido de plomo. Este art\u00edculo es para uso, \u00fanicamente, en aplicaciones de agua no potable (no consumo humano).<\/p>","protected":false},"excerpt":{"rendered":"<p>Hilo de cerco trenzado de nailon. Blanco: 18 pulg. x 1000 pies. Caballo de batalla del comercio de contratistas. Construido con fibras de nailon de alta calidad. esta versi\u00f3n torcida o trenzada brinda la fuerza y \u200b\u200bel alargamiento necesarios para las l\u00edneas de tiza y otros usos de mamposter\u00eda. Blanco. Estamos dedicados a brindar a todos los mejores productos para el hogar para todas las necesidades del hogar. con un enfoque en la confiabilidad. la satisfacci\u00f3n de nuestros clientes y gran calidad. Ofrecemos productos modernos de alta calidad para ser disfrutados por muchos clientes. Caracter\u00edsticasCordel de cerco retorcido de nailon. Blanco: 18 pulg. x 1000 pies. Especificaciones Dimensi\u00f3n: 0.1 x 0.1 x 0.1 pulg. Peso: 1 lb<\/p>","protected":false},"featured_media":322,"template":"","meta":{"spay_email":""},"product_cat":[21,44],"product_tag":[],"_links":{"self":[{"href":"http:\/\/www.buildinggroupusa.com\/es\/wp-json\/wp\/v2\/product\/321"}],"collection":[{"href":"http:\/\/www.buildinggroupusa.com\/es\/wp-json\/wp\/v2\/product"}],"about":[{"href":"http:\/\/www.buildinggroupusa.com\/es\/wp-json\/wp\/v2\/types\/product"}],"wp:featuredmedia":[{"embeddable":true,"href":"http:\/\/www.buildinggroupusa.com\/es\/wp-json\/wp\/v2\/media\/322"}],"wp:attachment":[{"href":"http:\/\/www.buildinggroupusa.com\/es\/wp-json\/wp\/v2\/media?parent=321"}],"wp:term":[{"taxonomy":"product_cat","embeddable":true,"href":"http:\/\/www.buildinggroupusa.com\/es\/wp-json\/wp\/v2\/product_cat?post=321"},{"taxonomy":"product_tag","embeddable":true,"href":"http:\/\/www.buildinggroupusa.com\/es\/wp-json\/wp\/v2\/product_tag?post=321"}],"curies":[{"name":"wp","href":"https:\/\/api.w.org\/{rel}","templated":true}]}}