{"id":316,"date":"2022-07-20T22:27:04","date_gmt":"2022-07-20T22:27:04","guid":{"rendered":"http:\/\/www.buildinggroupusa.com\/?post_type=product&#038;p=316"},"modified":"2022-10-11T03:21:22","modified_gmt":"2022-10-11T03:21:22","slug":"ms1650","status":"publish","type":"product","link":"http:\/\/www.buildinggroupusa.com\/es\/producto\/ms1650\/","title":{"rendered":"MS1650"},"content":{"rendered":"<p>El MS1650 es un caballo de batalla de una herramienta. Esta grapadora de corona mediana es ideal para aplicaciones de construcci\u00f3n como revestimientos, contrapisos y revestimientos, as\u00ed como aplicaciones industriales como palets industriales de gran volumen y aplicaciones de cajas que exigen un alto rendimiento y bajos costos de mantenimiento. Esta herramienta es compatible con nuestros disparadores remotos est\u00e1ndar y de alta velocidad para aplicaciones montadas en m\u00e1quinas. (Disparador remoto est\u00e1ndar: n.\u00ba 810102 \/ Disparador remoto de alta velocidad: n.\u00ba 841165) La MS1650 dispara la grapa de corona de la serie N de 7\/16\". (Vea el MS1650P, si prefiere grapas de estilo corona de 1\/2\u201d GS Series o Bostitch de \u00bd\u201d).<\/p>","protected":false},"excerpt":{"rendered":"<p><strong>Pistola grapadora de corona mediana de 2\u2033<\/strong><\/p>\n<p>Caracter\u00edsticas: ideal para revestimientos, subsuelos, revestimientos, ensamblajes de cajones y cajas, y armazones de muebles, disparador de impacto est\u00e1ndar, control de profundidad ajustable, puerta de acceso r\u00e1pido y sin herramientas para eliminar atascos f\u00e1cilmente, tapa de escape de metal, longitud de grapa: 3\/4\u2033 \u2013 2\u2033, Calibre: 16 Ga., Corona: 7\/16\u2033 \u2013 Serie N, Capacidad del cargador: 140, Presi\u00f3n de funcionamiento: 80-120 PSI, Potencia de salida: 55,8 Joules \/ 41,1 ft-lbs., Ajuste de profundidad: S\u00cd, Tipo de gatillo: BUMP FIRE, Disparadores remotos: S\u00cd, Gancho para cintur\u00f3n: NO, Elemento de contacto de trabajo: S\u00cd, Peso: 4,5, Longitud: 14,4, Ancho: 3,1, Altura: 10,6.<\/p>","protected":false},"featured_media":317,"template":"","meta":{"spay_email":""},"product_cat":[41,43],"product_tag":[60],"_links":{"self":[{"href":"http:\/\/www.buildinggroupusa.com\/es\/wp-json\/wp\/v2\/product\/316"}],"collection":[{"href":"http:\/\/www.buildinggroupusa.com\/es\/wp-json\/wp\/v2\/product"}],"about":[{"href":"http:\/\/www.buildinggroupusa.com\/es\/wp-json\/wp\/v2\/types\/product"}],"wp:featuredmedia":[{"embeddable":true,"href":"http:\/\/www.buildinggroupusa.com\/es\/wp-json\/wp\/v2\/media\/317"}],"wp:attachment":[{"href":"http:\/\/www.buildinggroupusa.com\/es\/wp-json\/wp\/v2\/media?parent=316"}],"wp:term":[{"taxonomy":"product_cat","embeddable":true,"href":"http:\/\/www.buildinggroupusa.com\/es\/wp-json\/wp\/v2\/product_cat?post=316"},{"taxonomy":"product_tag","embeddable":true,"href":"http:\/\/www.buildinggroupusa.com\/es\/wp-json\/wp\/v2\/product_tag?post=316"}],"curies":[{"name":"wp","href":"https:\/\/api.w.org\/{rel}","templated":true}]}}