{"id":314,"date":"2022-07-20T22:20:57","date_gmt":"2022-07-20T22:20:57","guid":{"rendered":"http:\/\/www.buildinggroupusa.com\/?post_type=product&#038;p=314"},"modified":"2022-10-11T03:24:35","modified_gmt":"2022-10-11T03:24:35","slug":"cn65z","status":"publish","type":"product","link":"http:\/\/www.buildinggroupusa.com\/es\/producto\/cn65z\/","title":{"rendered":"CN65Z"},"content":{"rendered":"<p>La CN65Z es una clavadora en bobina de revestimiento de 0\u00b0, que es especialmente adecuada para materiales como revestimiento de cedro y secoya debido a los tipos de sujetadores especiales que est\u00e1n disponibles en cola de bobina de pl\u00e1stico de 0\u00b0. La CN65Z tambi\u00e9n est\u00e1 equipada con potencia adicional para hacer frente a aplicaciones dif\u00edciles y todas las caracter\u00edsticas esenciales para una clavadora de revestimiento, como profundidad de accionamiento ajustable, punta que no da\u00f1a y gatillo secuencial o de impacto seleccionable.<\/p>","protected":false},"excerpt":{"rendered":"<p><strong>0\u00b0 Plastic Collated Siding Coil NailerFeatures<\/strong><\/p>\n<p>Caracter\u00edsticas: ideal para aplicaciones est\u00e1ndar de revestimiento y cercas, control \u00f3ptimo con gatillo seleccionable: secuencial o de golpe, minimiza el riesgo de da\u00f1o por fuego seco a los materiales con cargador transparente, escape giratorio ambidiestro de 360\u00b0, contacto de trabajo sin da\u00f1os y ajuste de profundidad de accionamiento, sujetador Longitud: 1 1\/4\u2033 \u2013 2 1\/2\u2033, di\u00e1metro del v\u00e1stago: 0,083-0,113, capacidad del cargador: 200-400, presi\u00f3n de funcionamiento: 80-120 PSI, potencia de salida: 61,29 julios\/45,21 pies-libras. , Ajuste de profundidad: S\u00cd, Tipo de gatillo: SELECCIONABLE: DE GOLPE O SECUENCIAL, Remoto, Gatillos: NO, Gancho para cintur\u00f3n: NO, Elemento de contacto de trabajo: S\u00cd, Peso: 4.4, Longitud: 10.5, Ancho: 5.2, Altura: 12.4<\/p>","protected":false},"featured_media":315,"template":"","meta":{"spay_email":""},"product_cat":[40,43],"product_tag":[60],"_links":{"self":[{"href":"http:\/\/www.buildinggroupusa.com\/es\/wp-json\/wp\/v2\/product\/314"}],"collection":[{"href":"http:\/\/www.buildinggroupusa.com\/es\/wp-json\/wp\/v2\/product"}],"about":[{"href":"http:\/\/www.buildinggroupusa.com\/es\/wp-json\/wp\/v2\/types\/product"}],"wp:featuredmedia":[{"embeddable":true,"href":"http:\/\/www.buildinggroupusa.com\/es\/wp-json\/wp\/v2\/media\/315"}],"wp:attachment":[{"href":"http:\/\/www.buildinggroupusa.com\/es\/wp-json\/wp\/v2\/media?parent=314"}],"wp:term":[{"taxonomy":"product_cat","embeddable":true,"href":"http:\/\/www.buildinggroupusa.com\/es\/wp-json\/wp\/v2\/product_cat?post=314"},{"taxonomy":"product_tag","embeddable":true,"href":"http:\/\/www.buildinggroupusa.com\/es\/wp-json\/wp\/v2\/product_tag?post=314"}],"curies":[{"name":"wp","href":"https:\/\/api.w.org\/{rel}","templated":true}]}}