{"id":308,"date":"2022-07-20T05:24:18","date_gmt":"2022-07-20T05:24:18","guid":{"rendered":"http:\/\/www.buildinggroupusa.com\/?post_type=product&#038;p=308"},"modified":"2022-10-11T03:25:29","modified_gmt":"2022-10-11T03:25:29","slug":"cn65s-3","status":"publish","type":"product","link":"http:\/\/www.buildinggroupusa.com\/es\/producto\/cn65s-3\/","title":{"rendered":"CN65S-3"},"content":{"rendered":"<p>La PneuTools CN65S-3 es una herramienta especializada para revestimientos y cercas para las aplicaciones m\u00e1s exigentes que requieren la m\u00e1xima fuerza motriz. Ninguna colecci\u00f3n de herramientas de revestimiento est\u00e1 completa sin la CN65S-3 para manejar los materiales m\u00e1s duros. Adem\u00e1s de la impresionante potencia de la herramienta, tambi\u00e9n cuenta con ajuste de profundidad, punta que no da\u00f1a, cargador \"transparente\" de alta densidad para evitar da\u00f1os por fuego seco y un conveniente gancho para cintur\u00f3n.<\/p>","protected":false},"excerpt":{"rendered":"<p><strong>Clavadora de bobina de revestimiento de alta potencia<\/strong><\/p>\n<p>Caracter\u00edsticas: Ideal para aplicaciones de revestimiento y cercas que requieren alta potencia, M\u00e1xima potencia de accionamiento debido a un mayor volumen de aire, Control \u00f3ptimo con gatillo seleccionable: secuencial o de choque<br \/>\nAmbidextrous 360\u00b0 rotational exhaust, No mar work contact and drive depth adjustment, Fastener Length: 1 1\/4\u2033 \u2013 2 1\/2\u2033, Shank Diameter: .083-.113, Magazine Capacity: 200-400<br \/>\nPresi\u00f3n de funcionamiento: 80-120 PSI, Potencia de salida: 82,98 Joules \/ 61,2 ft-lbs., Ajuste de profundidad: S\u00cd, Tipo de gatillo: SELECCIONABLE: GOLPE O SECUENCIAL, Gatillos remotos: NO, Gancho para cintur\u00f3n: NO, Trabajo, Elemento de contacto: SI, Peso: 5.1, Largo: 14.9, Ancho: 5, Alto: 12.<\/p>","protected":false},"featured_media":309,"template":"","meta":{"spay_email":""},"product_cat":[63,43],"product_tag":[60],"_links":{"self":[{"href":"http:\/\/www.buildinggroupusa.com\/es\/wp-json\/wp\/v2\/product\/308"}],"collection":[{"href":"http:\/\/www.buildinggroupusa.com\/es\/wp-json\/wp\/v2\/product"}],"about":[{"href":"http:\/\/www.buildinggroupusa.com\/es\/wp-json\/wp\/v2\/types\/product"}],"wp:featuredmedia":[{"embeddable":true,"href":"http:\/\/www.buildinggroupusa.com\/es\/wp-json\/wp\/v2\/media\/309"}],"wp:attachment":[{"href":"http:\/\/www.buildinggroupusa.com\/es\/wp-json\/wp\/v2\/media?parent=308"}],"wp:term":[{"taxonomy":"product_cat","embeddable":true,"href":"http:\/\/www.buildinggroupusa.com\/es\/wp-json\/wp\/v2\/product_cat?post=308"},{"taxonomy":"product_tag","embeddable":true,"href":"http:\/\/www.buildinggroupusa.com\/es\/wp-json\/wp\/v2\/product_tag?post=308"}],"curies":[{"name":"wp","href":"https:\/\/api.w.org\/{rel}","templated":true}]}}