{"id":306,"date":"2022-07-20T05:18:54","date_gmt":"2022-07-20T05:18:54","guid":{"rendered":"http:\/\/www.buildinggroupusa.com\/?post_type=product&#038;p=306"},"modified":"2022-10-11T03:26:57","modified_gmt":"2022-10-11T03:26:57","slug":"cn65s","status":"publish","type":"product","link":"http:\/\/www.buildinggroupusa.com\/es\/producto\/cn65s\/","title":{"rendered":"CN65S"},"content":{"rendered":"<p>El PneuTools CN65S est\u00e1 dise\u00f1ado espec\u00edficamente para satisfacer todas las necesidades b\u00e1sicas de los contratistas de revestimientos y cercas. Con solo 4.4 lbs. esta herramienta es muy c\u00f3moda de usar e incluye caracter\u00edsticas vitales como ajuste de profundidad, punta sin estropear y un cargador de carga f\u00e1cil con una puerta transparente \"transparente\" para evitar da\u00f1os por fuego seco en el revestimiento.<\/p>","protected":false},"excerpt":{"rendered":"<p><strong>Clavadora de bobina de revestimiento est\u00e1ndar<\/strong><\/p>\n<p>Caracter\u00edsticas: ideal para aplicaciones est\u00e1ndar de revestimiento y cercas, control \u00f3ptimo con gatillo seleccionable: secuencial o de golpe, minimiza el riesgo de da\u00f1o por fuego seco a los materiales con cargador transparente, escape giratorio ambidiestro de 360\u00b0, contacto de trabajo sin da\u00f1os y ajuste de profundidad de accionamiento, sujetador Longitud: 1 1\/4\u2033 \u2013 2 1\/2\u2033, di\u00e1metro del v\u00e1stago: 0,083-0,113, capacidad del cargador: 200-400, presi\u00f3n de funcionamiento: 80-120 PSI, potencia de salida: 61,29 julios\/45,21 pies-libras. , Ajuste de profundidad: S\u00cd, Tipo de gatillo: SELECCIONABLE: DE GOLPE O SECUENCIAL, Remoto, Gatillos: NO, Gancho para cintur\u00f3n: NO, Elemento de contacto de trabajo: S\u00cd, Peso: 4.4, Longitud: 10.5, Ancho: 5.2, Altura: 12.4<\/p>","protected":false},"featured_media":307,"template":"","meta":{"spay_email":""},"product_cat":[39,43],"product_tag":[60],"_links":{"self":[{"href":"http:\/\/www.buildinggroupusa.com\/es\/wp-json\/wp\/v2\/product\/306"}],"collection":[{"href":"http:\/\/www.buildinggroupusa.com\/es\/wp-json\/wp\/v2\/product"}],"about":[{"href":"http:\/\/www.buildinggroupusa.com\/es\/wp-json\/wp\/v2\/types\/product"}],"wp:featuredmedia":[{"embeddable":true,"href":"http:\/\/www.buildinggroupusa.com\/es\/wp-json\/wp\/v2\/media\/307"}],"wp:attachment":[{"href":"http:\/\/www.buildinggroupusa.com\/es\/wp-json\/wp\/v2\/media?parent=306"}],"wp:term":[{"taxonomy":"product_cat","embeddable":true,"href":"http:\/\/www.buildinggroupusa.com\/es\/wp-json\/wp\/v2\/product_cat?post=306"},{"taxonomy":"product_tag","embeddable":true,"href":"http:\/\/www.buildinggroupusa.com\/es\/wp-json\/wp\/v2\/product_tag?post=306"}],"curies":[{"name":"wp","href":"https:\/\/api.w.org\/{rel}","templated":true}]}}