{"id":302,"date":"2022-07-20T05:06:38","date_gmt":"2022-07-20T05:06:38","guid":{"rendered":"http:\/\/www.buildinggroupusa.com\/?post_type=product&#038;p=302"},"modified":"2022-10-11T03:32:16","modified_gmt":"2022-10-11T03:32:16","slug":"rf45t","status":"publish","type":"product","link":"http:\/\/www.buildinggroupusa.com\/es\/producto\/rf45t\/","title":{"rendered":"RF45T"},"content":{"rendered":"<p>La clavadora para techos en espiral RF45T es la combinaci\u00f3n perfecta de velocidad, equilibrio y valor para el techador profesional. Las caracter\u00edsticas familiares, como un cargador de carga lateral tradicional y un ajuste simple de la profundidad de los pernos, hacen que la herramienta sea f\u00e1cil de usar y evita fallas frustrantes en el trabajo. La herramienta tambi\u00e9n tiene una carcasa de aluminio liviana, un agarre de goma suave y c\u00f3modo y placas antideslizantes de goma para garantizar que permanezca segura en su mano y en su lugar cuando la coloque en el techo. Combine eso con piezas duraderas y f\u00e1cilmente disponibles y obtendr\u00e1 todo lo que necesita para seguir aplastando su trabajo, no su billetera. El RF45T acepta clavos para techos de bobina de alambre de 15\u00b0 de \u00be\u201d \u2013 1 -\u00be\u201d. Consejo profesional: combine el RF45T con el MPN-R (clavadora de mano para techos) para abordar lugares dif\u00edciles de alcanzar en techos complejos con facilidad y el HB150 (gancho neum\u00e1tico). herramienta de cuchilla) para cortar las tejas como mantequilla.<\/p>","protected":false},"excerpt":{"rendered":"<p><strong>Clavadora para techos en espiral de 1 3\/4\u201d<\/strong><\/p>\n<p>Caracter\u00edsticas: El gatillo RAPID-FIRE y el alimentador de clavos neum\u00e1tico aumentan la velocidad y la eficiencia, LIGERO y equilibrado: solo 5.5 lbs, cargador de carga lateral tradicional QUICK-LOAD: capacidad de hasta 120 clavos, AJUSTE DE PROFUNDIDAD con mecanismo simple tradicional de tuerca y perno, insertos de punta de CARBURO en seguridad de contacto de acero para una vida \u00fatil prolongada, Acoplador r\u00e1pido incluido: tap\u00f3n de 1\/4\u2033 con rosca NPT de 3\/8\u2033, Longitud del sujetador: 3\/4\u201d \u2013 1 \u00be\u201d, Di\u00e1metro del v\u00e1stago: .120, Capacidad del cargador: 120, Presi\u00f3n de funcionamiento : 80-120 PSI, Potencia de salida (@ 100 psi): 33,9 Joules \/ 25 ft-lbs, Ajuste de profundidad: S\u00cd, Tipo de gatillo: BUMP FIRE, Gancho para cintur\u00f3n: NO, Elemento de contacto de trabajo: Carburo, Peso: 5,5<br \/>\nLargo: 10.1\u2033, Ancho: 4.4\u2033, Alto: 10.6\u2033.<\/p>","protected":false},"featured_media":303,"template":"","meta":{"spay_email":""},"product_cat":[37,20],"product_tag":[60],"_links":{"self":[{"href":"http:\/\/www.buildinggroupusa.com\/es\/wp-json\/wp\/v2\/product\/302"}],"collection":[{"href":"http:\/\/www.buildinggroupusa.com\/es\/wp-json\/wp\/v2\/product"}],"about":[{"href":"http:\/\/www.buildinggroupusa.com\/es\/wp-json\/wp\/v2\/types\/product"}],"wp:featuredmedia":[{"embeddable":true,"href":"http:\/\/www.buildinggroupusa.com\/es\/wp-json\/wp\/v2\/media\/303"}],"wp:attachment":[{"href":"http:\/\/www.buildinggroupusa.com\/es\/wp-json\/wp\/v2\/media?parent=302"}],"wp:term":[{"taxonomy":"product_cat","embeddable":true,"href":"http:\/\/www.buildinggroupusa.com\/es\/wp-json\/wp\/v2\/product_cat?post=302"},{"taxonomy":"product_tag","embeddable":true,"href":"http:\/\/www.buildinggroupusa.com\/es\/wp-json\/wp\/v2\/product_tag?post=302"}],"curies":[{"name":"wp","href":"https:\/\/api.w.org\/{rel}","templated":true}]}}