{"id":292,"date":"2022-07-20T04:36:19","date_gmt":"2022-07-20T04:36:19","guid":{"rendered":"http:\/\/www.buildinggroupusa.com\/?post_type=product&#038;p=292"},"modified":"2022-10-11T03:41:06","modified_gmt":"2022-10-11T03:41:06","slug":"cn45h","status":"publish","type":"product","link":"http:\/\/www.buildinggroupusa.com\/es\/producto\/cn45h\/","title":{"rendered":"CN45H"},"content":{"rendered":"<p><strong>Descripci\u00f3n<\/strong><br \/>\nFast, durable and easy to repair. This classic roofing nailer is everything you expect, with a few extra surprises. While other companies are cutting corners to make a fast dollar, we\u2019ve gone the extra mile to make sure this tool will last for generations.<\/p>\n<p>Of course, if a tool is going to last a long time, then it should have some great features too, right? That is why this tool is upgraded with:<\/p>\n<p>Revista premium de apertura r\u00e1pida de un solo paso para reducir los tiempos de recarga<br \/>\nAjuste de profundidad de accionamiento suave como la mantequilla para un control de precisi\u00f3n<br \/>\nLa CN45H dispara un clavo de techo de bobina de alambre de 15 \u00b0.(femenino)<\/p>","protected":false},"excerpt":{"rendered":"<p><strong>Clavadora para techos de bobina de 1 3\/4\u2033, <\/strong>Clavadora para techos en espiral de 1 3\/4\", gatillo r\u00e1pido de un solo modo y equilibrio de retroceso optimizado, cargador de carga lateral de apertura r\u00e1pida en un solo paso, tapa de extremo endurecida para una mayor durabilidad, mecanismo resistente de profundidad de conducci\u00f3n, longitud del sujetador: 7\/8\" \u2013 1 \u00be\u201d, di\u00e1metro del v\u00e1stago: 0,120, capacidad del cargador: 120, presi\u00f3n de funcionamiento: 80-120 PSI, potencia de salida (@ 100 psi): 33,9 julios\/25 pies-libras, ajuste de profundidad: S\u00cd, tipo de gatillo: BUMP FIRE , Gancho para cintur\u00f3n: NO, Elemento de contacto de trabajo: Carburo, Peso: 5.5, Longitud: 10, Ancho: 4.37, Altura: 10.63<\/p>","protected":false},"featured_media":293,"template":"","meta":{"spay_email":""},"product_cat":[33,20],"product_tag":[60],"_links":{"self":[{"href":"http:\/\/www.buildinggroupusa.com\/es\/wp-json\/wp\/v2\/product\/292"}],"collection":[{"href":"http:\/\/www.buildinggroupusa.com\/es\/wp-json\/wp\/v2\/product"}],"about":[{"href":"http:\/\/www.buildinggroupusa.com\/es\/wp-json\/wp\/v2\/types\/product"}],"wp:featuredmedia":[{"embeddable":true,"href":"http:\/\/www.buildinggroupusa.com\/es\/wp-json\/wp\/v2\/media\/293"}],"wp:attachment":[{"href":"http:\/\/www.buildinggroupusa.com\/es\/wp-json\/wp\/v2\/media?parent=292"}],"wp:term":[{"taxonomy":"product_cat","embeddable":true,"href":"http:\/\/www.buildinggroupusa.com\/es\/wp-json\/wp\/v2\/product_cat?post=292"},{"taxonomy":"product_tag","embeddable":true,"href":"http:\/\/www.buildinggroupusa.com\/es\/wp-json\/wp\/v2\/product_tag?post=292"}],"curies":[{"name":"wp","href":"https:\/\/api.w.org\/{rel}","templated":true}]}}