{"id":286,"date":"2022-07-20T03:53:05","date_gmt":"2022-07-20T03:53:05","guid":{"rendered":"http:\/\/www.buildinggroupusa.com\/?post_type=product&#038;p=286"},"modified":"2022-07-25T06:58:17","modified_gmt":"2022-07-25T06:58:17","slug":"oring-kits-simplify-oring-logistics-with-a-single-sku-for-each-tool","status":"publish","type":"product","link":"http:\/\/www.buildinggroupusa.com\/es\/producto\/oring-kits-simplify-oring-logistics-with-a-single-sku-for-each-tool\/","title":{"rendered":"KITS DE ORING Simplifique la log\u00edstica de Oring con un solo SKU para cada herramienta"},"content":{"rendered":"<p><strong>Descripci\u00f3n<\/strong><br \/>\nElimine el dolor de la reparaci\u00f3n de herramientas. Los kits de juntas t\u00f3ricas est\u00e1n disponibles para todas las herramientas y almacenamos todas las piezas para todos nuestros productos aqu\u00ed en los EE. UU. Haga un pedido antes de las 4 pm.<\/p>","protected":false},"excerpt":{"rendered":"<p>Simplifique la log\u00edstica de Oring con un solo sku para cada herramienta<br \/>\nAseg\u00farate de tener lo que necesitas cuando lo necesitas<br \/>\nPaquetes individuales que son ideales para el servicio en carretera<\/p>","protected":false},"featured_media":287,"template":"","meta":{"spay_email":""},"product_cat":[31,59],"product_tag":[60],"_links":{"self":[{"href":"http:\/\/www.buildinggroupusa.com\/es\/wp-json\/wp\/v2\/product\/286"}],"collection":[{"href":"http:\/\/www.buildinggroupusa.com\/es\/wp-json\/wp\/v2\/product"}],"about":[{"href":"http:\/\/www.buildinggroupusa.com\/es\/wp-json\/wp\/v2\/types\/product"}],"wp:featuredmedia":[{"embeddable":true,"href":"http:\/\/www.buildinggroupusa.com\/es\/wp-json\/wp\/v2\/media\/287"}],"wp:attachment":[{"href":"http:\/\/www.buildinggroupusa.com\/es\/wp-json\/wp\/v2\/media?parent=286"}],"wp:term":[{"taxonomy":"product_cat","embeddable":true,"href":"http:\/\/www.buildinggroupusa.com\/es\/wp-json\/wp\/v2\/product_cat?post=286"},{"taxonomy":"product_tag","embeddable":true,"href":"http:\/\/www.buildinggroupusa.com\/es\/wp-json\/wp\/v2\/product_tag?post=286"}],"curies":[{"name":"wp","href":"https:\/\/api.w.org\/{rel}","templated":true}]}}