{"id":284,"date":"2022-07-20T03:41:51","date_gmt":"2022-07-20T03:41:51","guid":{"rendered":"http:\/\/www.buildinggroupusa.com\/?post_type=product&#038;p=284"},"modified":"2022-10-11T03:55:53","modified_gmt":"2022-10-11T03:55:53","slug":"cn64-2-1-2-pallet-coil-nailer","status":"publish","type":"product","link":"http:\/\/www.buildinggroupusa.com\/es\/producto\/cn64-2-1-2-pallet-coil-nailer\/","title":{"rendered":"CN64"},"content":{"rendered":"<h6><strong>Descripci\u00f3n<\/strong><\/h6>\n<p>La PneuTools CN64 es similar en tama\u00f1o y peso a la CN57 (que es la pistola m\u00e1s peque\u00f1a en la l\u00ednea de herramientas para paletas), pero la tapa extendida en la CN64 le da a la herramienta m\u00e1s potencia para manejar sujetadores m\u00e1s grandes. Cuenta con una carcasa de fundici\u00f3n a presi\u00f3n liviana de resistencia industrial, un mango de goma ergon\u00f3mico y un escape giratorio de 360 grados, lo que lo hace c\u00f3modo y f\u00e1cil de usar durante todo el d\u00eda.<br \/>\nEsta herramienta es compatible con nuestros disparadores remotos est\u00e1ndar y de alta velocidad para aplicaciones montadas en m\u00e1quinas. (Activador remoto est\u00e1ndar: #810102 \/ Activador remoto de alta velocidad: #841165)<\/p>","protected":false},"excerpt":{"rendered":"<p><strong>Clavadora de bobina de paletas de 2 1\/2\u2033<\/strong><\/p>\n<p>Disparador de disparo est\u00e1ndar<\/p>\n<p>Cargador de alta capacidad de f\u00e1cil carga<br \/>\nEscape giratorio de 360\u00b0<\/p>\n<p>Personalizable y opciones de activaci\u00f3n autom\u00e1tica<br \/>\nLongitud del sujetador: 1 1\/2\u2033 \u2013 2 1\/2\u2033<br \/>\nDi\u00e1metro del v\u00e1stago: .083-.113<br \/>\nCapacidad: 300<br \/>\nPresi\u00f3n de funcionamiento: 80-120 PSI<br \/>\nPotencia de salida: 79,57 julios\/58,69 pies-libras.\nAjuste de profundidad: NO\nTipo de disparador: BUMP FIRE\nDisparadores remotos: S\u00cd\nGancho para cintur\u00f3n: NO\nElemento de contacto de trabajo: NO\nPeso: 5,9\nLongitud: 10,59\nAncho: 5.2\nAltura: 12,44<br \/>\nAjuste de profundidad: NO<br \/>\n\"Tipo de disparador: BUMP FIRE\"<br \/>\nDisparadores remotos: S\u00cd<br \/>\nGancho para cintur\u00f3n: NO<br \/>\nElemento de contacto de trabajo: NO<br \/>\nPeso: 5.9<br \/>\nLongitud: 10,59<br \/>\nAncho: 5.2<br \/>\nAltura: 12,44<\/p>","protected":false},"featured_media":285,"template":"","meta":{"spay_email":""},"product_cat":[17,62,59],"product_tag":[60],"_links":{"self":[{"href":"http:\/\/www.buildinggroupusa.com\/es\/wp-json\/wp\/v2\/product\/284"}],"collection":[{"href":"http:\/\/www.buildinggroupusa.com\/es\/wp-json\/wp\/v2\/product"}],"about":[{"href":"http:\/\/www.buildinggroupusa.com\/es\/wp-json\/wp\/v2\/types\/product"}],"wp:featuredmedia":[{"embeddable":true,"href":"http:\/\/www.buildinggroupusa.com\/es\/wp-json\/wp\/v2\/media\/285"}],"wp:attachment":[{"href":"http:\/\/www.buildinggroupusa.com\/es\/wp-json\/wp\/v2\/media?parent=284"}],"wp:term":[{"taxonomy":"product_cat","embeddable":true,"href":"http:\/\/www.buildinggroupusa.com\/es\/wp-json\/wp\/v2\/product_cat?post=284"},{"taxonomy":"product_tag","embeddable":true,"href":"http:\/\/www.buildinggroupusa.com\/es\/wp-json\/wp\/v2\/product_tag?post=284"}],"curies":[{"name":"wp","href":"https:\/\/api.w.org\/{rel}","templated":true}]}}