{"id":282,"date":"2022-07-20T03:33:27","date_gmt":"2022-07-20T03:33:27","guid":{"rendered":"http:\/\/www.buildinggroupusa.com\/?post_type=product&#038;p=282"},"modified":"2022-10-13T00:18:57","modified_gmt":"2022-10-13T00:18:57","slug":"cn57-2-1-4-pallet-coil-nailer","status":"publish","type":"product","link":"http:\/\/www.buildinggroupusa.com\/es\/producto\/cn57-2-1-4-pallet-coil-nailer\/","title":{"rendered":"CN57"},"content":{"rendered":"<p><strong>Descripci\u00f3n<\/strong><br \/>\nPneuTools ofrece una l\u00ednea completa y comprobada de clavadoras y engrapadoras en espiral para paletas de grado industrial, y la CN57 es la pistola m\u00e1s peque\u00f1a en la l\u00ednea de herramientas para paletas, lo que la convierte en una excelente opci\u00f3n para usar todo el d\u00eda con materiales est\u00e1ndar. Cuenta con una carcasa de fundici\u00f3n a presi\u00f3n liviana de resistencia industrial y un mango de goma ergon\u00f3mico, lo que lo hace c\u00f3modo de usar. Esta herramienta es compatible con nuestros disparadores remotos est\u00e1ndar y de alta velocidad para aplicaciones montadas en m\u00e1quinas. (Activador remoto est\u00e1ndar: #810102 \/ Activador remoto de alta velocidad: #841165)<\/p>","protected":false},"excerpt":{"rendered":"<p><strong>Clavadora de bobina de paletas de 2 1\/4\u2033<\/strong><\/p>\n<p>Disparador de disparo est\u00e1ndar<br \/>\nCargador de alta capacidad de f\u00e1cil carga<br \/>\nEscape delantero est\u00e1ndar<br \/>\nPersonalizable y opciones de activaci\u00f3n autom\u00e1tica<\/p>\n<p>Fastener Length: 1\u2033 \u2013 2 1\/4\u2033<br \/>\nShank Diameter: .083-.090<br \/>\nMagazine Capacity: 300-350<br \/>\nPresi\u00f3n de funcionamiento: 80-120 PSI<br \/>\nPower Output: 62.37 Joules \/ 46.01 ft.-lbs.<br \/>\nAjuste de profundidad: NO<br \/>\n\"Tipo de disparador: BUMP FIRE\"<br \/>\nDisparadores remotos: S\u00cd<br \/>\nGancho para cintur\u00f3n: NO<br \/>\nElemento de contacto de trabajo: NO<br \/>\nPeso: 5.9<br \/>\nLength: 10.5<br \/>\nAncho: 5.2<br \/>\nHeight: 11.22<\/p>","protected":false},"featured_media":283,"template":"","meta":{"spay_email":""},"product_cat":[17,61,59],"product_tag":[60],"_links":{"self":[{"href":"http:\/\/www.buildinggroupusa.com\/es\/wp-json\/wp\/v2\/product\/282"}],"collection":[{"href":"http:\/\/www.buildinggroupusa.com\/es\/wp-json\/wp\/v2\/product"}],"about":[{"href":"http:\/\/www.buildinggroupusa.com\/es\/wp-json\/wp\/v2\/types\/product"}],"wp:featuredmedia":[{"embeddable":true,"href":"http:\/\/www.buildinggroupusa.com\/es\/wp-json\/wp\/v2\/media\/283"}],"wp:attachment":[{"href":"http:\/\/www.buildinggroupusa.com\/es\/wp-json\/wp\/v2\/media?parent=282"}],"wp:term":[{"taxonomy":"product_cat","embeddable":true,"href":"http:\/\/www.buildinggroupusa.com\/es\/wp-json\/wp\/v2\/product_cat?post=282"},{"taxonomy":"product_tag","embeddable":true,"href":"http:\/\/www.buildinggroupusa.com\/es\/wp-json\/wp\/v2\/product_tag?post=282"}],"curies":[{"name":"wp","href":"https:\/\/api.w.org\/{rel}","templated":true}]}}