{"id":280,"date":"2022-07-20T03:24:00","date_gmt":"2022-07-20T03:24:00","guid":{"rendered":"http:\/\/www.buildinggroupusa.com\/?post_type=product&#038;p=280"},"modified":"2022-10-11T03:59:05","modified_gmt":"2022-10-11T03:59:05","slug":"cn70-2-3-4-pallet-coil-nailer","status":"publish","type":"product","link":"http:\/\/www.buildinggroupusa.com\/es\/producto\/cn70-2-3-4-pallet-coil-nailer\/","title":{"rendered":"CN70"},"content":{"rendered":"<p>El PneuTools CN70 es un caballo de batalla para clavar los populares clavos en espiral de 2\" x 0,099\" en maderas duras, pero tiene potencia m\u00e1s que suficiente para manejar un clavo de hasta 2 \u00be\" x 0,113\". Los s\u00f3lidos componentes internos y el dise\u00f1o ergon\u00f3mico hacen que el CN70 sea f\u00e1cil de mantener y manejar.<br \/>\nEsta herramienta es compatible con nuestros disparadores remotos est\u00e1ndar y de alta velocidad para aplicaciones montadas en m\u00e1quinas. (Activador remoto est\u00e1ndar: #810102 \/ Activador remoto de alta velocidad: #841165)<\/p>","protected":false},"excerpt":{"rendered":"<p><strong>\u2013 Clavadora de bobina de paleta de 2 3\/4\u2033<\/strong><\/p>\n<p>Disparador de disparo est\u00e1ndar<br \/>\nCargador de alta capacidad de f\u00e1cil carga<br \/>\nEscape delantero est\u00e1ndar<br \/>\nPersonalizable y opciones de activaci\u00f3n autom\u00e1tica<\/p>\n<p>Longitud del sujetador: 1 3\/4\u2033 \u2013 2 3\/4\u2033<br \/>\nDi\u00e1metro del v\u00e1stago: .083-.113<br \/>\nCapacidad: 300<br \/>\nPresi\u00f3n de funcionamiento: 80-120 PSI<br \/>\nPotencia de salida: 104,94 julios\/77,4 pies-libras.<br \/>\nAjuste de profundidad: NO<br \/>\n\"Tipo de disparador: BUMP FIRE\"<br \/>\nDisparadores remotos: S\u00cd<br \/>\nGancho para cintur\u00f3n: NO<br \/>\nElemento de contacto de trabajo: NO<br \/>\nPeso:<br \/>\nDuraci\u00f3n: 13.30<br \/>\nAncho: 5.2<br \/>\nAltura: 12,44<\/p>","protected":false},"featured_media":281,"template":"","meta":{"spay_email":""},"product_cat":[17,30],"product_tag":[60],"_links":{"self":[{"href":"http:\/\/www.buildinggroupusa.com\/es\/wp-json\/wp\/v2\/product\/280"}],"collection":[{"href":"http:\/\/www.buildinggroupusa.com\/es\/wp-json\/wp\/v2\/product"}],"about":[{"href":"http:\/\/www.buildinggroupusa.com\/es\/wp-json\/wp\/v2\/types\/product"}],"wp:featuredmedia":[{"embeddable":true,"href":"http:\/\/www.buildinggroupusa.com\/es\/wp-json\/wp\/v2\/media\/281"}],"wp:attachment":[{"href":"http:\/\/www.buildinggroupusa.com\/es\/wp-json\/wp\/v2\/media?parent=280"}],"wp:term":[{"taxonomy":"product_cat","embeddable":true,"href":"http:\/\/www.buildinggroupusa.com\/es\/wp-json\/wp\/v2\/product_cat?post=280"},{"taxonomy":"product_tag","embeddable":true,"href":"http:\/\/www.buildinggroupusa.com\/es\/wp-json\/wp\/v2\/product_tag?post=280"}],"curies":[{"name":"wp","href":"https:\/\/api.w.org\/{rel}","templated":true}]}}