{"id":248,"date":"2022-07-14T04:47:30","date_gmt":"2022-07-14T04:47:30","guid":{"rendered":"http:\/\/www.buildinggroupusa.com\/?post_type=product&#038;p=248"},"modified":"2022-10-11T04:00:37","modified_gmt":"2022-10-11T04:00:37","slug":"metabo-hpt-nr15-degree","status":"publish","type":"product","link":"http:\/\/www.buildinggroupusa.com\/es\/producto\/metabo-hpt-nr15-degree\/","title":{"rendered":"Clavadora neum\u00e1tica para revestimiento de 15 grados HPT de Metabo"},"content":{"rendered":"<h5>Metabo HPT (Hitachi) NR83AA5M Clavadora de marco con cabeza recortada 3-1\/4\u2033<\/h5>\n<p>La clavadora para armazones con clasificaci\u00f3n de papel NR83AA5 se usa para armazones de pisos y paredes, construcci\u00f3n de armazones, construcci\u00f3n de ventanas, construcci\u00f3n de subsuelos y cubiertas de techos, revestimiento de paredes y<\/p>\n<ul class=\"bullets\">\n<li tabindex=\"0\">SELECTIVE ACTUATION: Switch between sequential or contact nailing with the simple flip of a switch<\/li>\n<li tabindex=\"0\">EASY LOAD: Side load, tilt bottom magazine for fast and easy reloads<\/li>\n<li tabindex=\"0\">FASTENERS: Drives wire and plastic sheet collated siding nails for added flexibility<\/li>\n<li tabindex=\"0\">NO MAR NOSE CAP: Protects material from accidental marks<\/li>\n<li tabindex=\"0\">DEPTH ADJUSTMENT: Tool-less depth of drive adjustment for optimal depth in a variety of applications<\/li>\n<li tabindex=\"0\">AIR DEFLECTOR: Adjustable air deflector directs the air exhaust in any direction<\/li>\n<li tabindex=\"0\">LIGHTWEIGHT: Only 4.8lbs for easy maneuverability<\/li>\n<li tabindex=\"0\">ADDED SAFETY: Plastic shield deflects wire collation<\/li>\n<\/ul>\n<p>&nbsp;<\/p>","protected":false},"excerpt":{"rendered":"<div class=\"value\">\n<div class=\"value\">\n<div class=\"value\">\n<div class=\"value\">\n<ul class=\"bullets\">\n<li tabindex=\"0\">\n<div class=\"table specs table0\">\n<div class=\"tbody\">\n<div class=\"tr\">\n<div class=\"key\" tabindex=\"0\">Calibre del clavo N\/A, longitud m\u00ednima del clavo (pulgadas) 1,5, tira o bobina: bobina, fuente de alimentaci\u00f3n neum\u00e1tica, cumple con ANSI, di\u00e1metro m\u00e1ximo del clavo 0,099 pulgadas, compatibilidad con aplicaciones, PSI m\u00e1ximo 120,0, grado 15, tipo de revestimiento, nombre de serie N \/A, longitud m\u00e1xima del clavo (pulgadas) 2,5, neum\u00e1tico s\u00ed, peso (libras) 4,9, tiempo de recarga de la bater\u00eda (horas) 0, control de profundidad sin herramienta, sin cable X, tipo de caja N\/A, tipo de intercalaci\u00f3n recta.<\/div>\n<\/div>\n<\/div>\n<\/div>\n<div class=\"table specs table1\">\n<div class=\"tbody\">\n<div class=\"tr\"><\/div>\n<\/div>\n<\/div>\n<\/li>\n<\/ul>\n<\/div>\n<\/div>\n<\/div>\n<\/div>","protected":false},"featured_media":249,"template":"","meta":{"spay_email":""},"product_cat":[17,30],"product_tag":[64],"_links":{"self":[{"href":"http:\/\/www.buildinggroupusa.com\/es\/wp-json\/wp\/v2\/product\/248"}],"collection":[{"href":"http:\/\/www.buildinggroupusa.com\/es\/wp-json\/wp\/v2\/product"}],"about":[{"href":"http:\/\/www.buildinggroupusa.com\/es\/wp-json\/wp\/v2\/types\/product"}],"wp:featuredmedia":[{"embeddable":true,"href":"http:\/\/www.buildinggroupusa.com\/es\/wp-json\/wp\/v2\/media\/249"}],"wp:attachment":[{"href":"http:\/\/www.buildinggroupusa.com\/es\/wp-json\/wp\/v2\/media?parent=248"}],"wp:term":[{"taxonomy":"product_cat","embeddable":true,"href":"http:\/\/www.buildinggroupusa.com\/es\/wp-json\/wp\/v2\/product_cat?post=248"},{"taxonomy":"product_tag","embeddable":true,"href":"http:\/\/www.buildinggroupusa.com\/es\/wp-json\/wp\/v2\/product_tag?post=248"}],"curies":[{"name":"wp","href":"https:\/\/api.w.org\/{rel}","templated":true}]}}