{"id":246,"date":"2022-07-14T04:35:06","date_gmt":"2022-07-14T04:35:06","guid":{"rendered":"http:\/\/www.buildinggroupusa.com\/?post_type=product&#038;p=246"},"modified":"2022-10-11T04:02:10","modified_gmt":"2022-10-11T04:02:10","slug":"metabo-hpt-nr83aa5m-formerly-hitachi-clipped-head-framing-nailer-2-to-3-1-4","status":"publish","type":"product","link":"http:\/\/www.buildinggroupusa.com\/es\/producto\/metabo-hpt-nr83aa5m-formerly-hitachi-clipped-head-framing-nailer-2-to-3-1-4\/","title":{"rendered":"Metabo HPT (Hitachi) NR83AA5M Clavadora de marco con cabeza recortada 3-1\/4\u2033"},"content":{"rendered":"<h5>Metabo HPT (Hitachi) NR83AA5M Clavadora de marco con cabeza recortada 3-1\/4\u2033<\/h5>\n<p>La clavadora para marcos intercalados de papel NR83AA5 se utiliza para enmarcar pisos y paredes, armar armazones, construir ventanas, construir subsuelos y cubiertas de techo, revestimiento de paredes y construcci\u00f3n de casas m\u00f3viles y casas modulares. La NR83AA5 es como la clavadora de marcos NR83A original en la que ha llegado a confiar, pero ahora con un dise\u00f1o de gatillo mejorado y compartiendo las mismas piezas internas que la NR83A original. El NR83AA5 se basa en el mismo sistema de accionamiento de v\u00e1lvula de cilindro que el NR83A, que ofrece una respuesta r\u00e1pida y una gran potencia de conducci\u00f3n.<\/p>\n<p><strong>DESTACAR<\/strong><\/p>\n<ul>\n<li><strong>Calificado Pro Preferred for Nailers durante 6 a\u00f1os consecutivos (2014 - 2019)*<\/strong><\/li>\n<li><strong>Sistema de accionamiento de v\u00e1lvula de cilindro \u2013\u00a0<\/strong>Para\u00a0una respuesta r\u00e1pida y una mayor durabilidad<\/li>\n<li><strong>Sujetadores -\u00a0<\/strong>Acepta tanto clavos de cabeza recortada en tiras de papel de 30 grados como clavos de cabeza redonda compensada en tiras de papel de 30 grados<\/li>\n<li><strong>Peso -\u00a0<\/strong>Solo 9 lb (o 9.3 lb si est\u00e1 instalado el gancho para viga) liviano y bien equilibrado para una f\u00e1cil maniobrabilidad<\/li>\n<\/ul>\n<p>&nbsp;<\/p>","protected":false},"excerpt":{"rendered":"<div class=\"value\">\n<div class=\"value\">\n<div class=\"value\">\n<div class=\"value\">\n<p>La clavadora para colgar vigas de un solo golpe PneuTools RNS250\u00a0<a href=\"https:\/\/www.nailgundepot.com\/senco\/nails\/34-degree-metal-connector-nails\"><strong>Clavos para colgar endurecidos con cinta de papel de 1-1\/2\u2033 a 2-1\/2\u2033<\/strong><\/a>\u00a0en tama\u00f1os de v\u00e1stago de .131, .148 y .162. Incluye un a\u00f1o de garant\u00eda del fabricante. El RNS250 es extremadamente potente, ligero, r\u00e1pido y econ\u00f3mico. Cuenta con un sistema de disparo \u00fanico para maximizar la productividad, un gancho para cintur\u00f3n resistente y un dise\u00f1o compacto para una mayor maniobrabilidad. Esta clavadora para colgadores de PneuTools es excelente para amarres de correas, colgadores de viguetas, herrajes para enmarcar y tapas de postes.<\/p>\n<\/div>\n<div><strong>ADVERTENCIA:<\/strong>\u00a0Residentes de California, este art\u00edculo califica para legislaci\u00f3n\u00a0<a href=\"https:\/\/www.p65warnings.ca.gov\/\" target=\"_blank\" rel=\"noopener\"><strong>Proposici\u00f3n 65<\/strong><\/a>\u00a0.<\/div>\n<\/div>\n<\/div>\n<\/div>","protected":false},"featured_media":247,"template":"","meta":{"spay_email":""},"product_cat":[17],"product_tag":[64],"_links":{"self":[{"href":"http:\/\/www.buildinggroupusa.com\/es\/wp-json\/wp\/v2\/product\/246"}],"collection":[{"href":"http:\/\/www.buildinggroupusa.com\/es\/wp-json\/wp\/v2\/product"}],"about":[{"href":"http:\/\/www.buildinggroupusa.com\/es\/wp-json\/wp\/v2\/types\/product"}],"wp:featuredmedia":[{"embeddable":true,"href":"http:\/\/www.buildinggroupusa.com\/es\/wp-json\/wp\/v2\/media\/247"}],"wp:attachment":[{"href":"http:\/\/www.buildinggroupusa.com\/es\/wp-json\/wp\/v2\/media?parent=246"}],"wp:term":[{"taxonomy":"product_cat","embeddable":true,"href":"http:\/\/www.buildinggroupusa.com\/es\/wp-json\/wp\/v2\/product_cat?post=246"},{"taxonomy":"product_tag","embeddable":true,"href":"http:\/\/www.buildinggroupusa.com\/es\/wp-json\/wp\/v2\/product_tag?post=246"}],"curies":[{"name":"wp","href":"https:\/\/api.w.org\/{rel}","templated":true}]}}