{"id":244,"date":"2022-07-14T04:27:29","date_gmt":"2022-07-14T04:27:29","guid":{"rendered":"http:\/\/www.buildinggroupusa.com\/?post_type=product&#038;p=244"},"modified":"2022-10-11T04:05:03","modified_gmt":"2022-10-11T04:05:03","slug":"pneutools-rns250-joist-hanger-nailer-1-1-2-to-2-1-2","status":"publish","type":"product","link":"http:\/\/www.buildinggroupusa.com\/es\/producto\/pneutools-rns250-joist-hanger-nailer-1-1-2-to-2-1-2\/","title":{"rendered":"RNS250"},"content":{"rendered":"<p>PneuTools ofrece una herramienta de conector de metal para cada preferencia de usuario. La RNS250 es una clavadora para colgar vigas de un solo golpe que est\u00e1 dise\u00f1ada para eliminar las piezas fr\u00e1giles y reducir los clavos fallados. Un dise\u00f1o de punta abierta le permite ver claramente la punta de la u\u00f1a y colocarla exactamente donde desea que vaya, lo que reduce la rotura de la punta y hace que la herramienta sea m\u00e1s segura de usar.<br \/>\nEl RNS250 es ideal para usuarios que prefieren herramientas de suspensi\u00f3n de vigas de un solo disparo con un mecanismo de seguridad tradicional de estilo de empuje. Esta herramienta admite clavos para colgar vigas de 1 \u00bd\u201d y 2 \u00bd\u201d.<\/p>\n<p><strong>Caracter\u00edsticas:<\/strong><\/p>\n<div class=\"col-md-10 col-sm-10\">\n<ul>\n<li>La punta de la u\u00f1a f\u00e1cil de ver permite una colocaci\u00f3n precisa de la u\u00f1a<\/li>\n<li>Disparador de fuego secuencial<\/li>\n<li>Escape giratorio de 360\u00b0<\/li>\n<li>Dise\u00f1o de carcasa de aluminio ligero y ergon\u00f3mico<\/li>\n<li>Cargador de alta capacidad de f\u00e1cil carga<\/li>\n<\/ul>\n<\/div>\n<p>&nbsp;<\/p>","protected":false},"excerpt":{"rendered":"<p><strong>Clavadora para colgar vigas, 1-1\/2\u2033 a 2-1\/2\u2033<\/strong><\/p>\n<p>La clavadora para colgar vigas de un solo golpe PneuTools RNS250\u00a0<a href=\"https:\/\/www.nailgundepot.com\/senco\/nails\/34-degree-metal-connector-nails\"><strong>Clavos para colgar endurecidos con cinta de papel de 1-1\/2\u2033 a 2-1\/2\u2033<\/strong><\/a>\u00a0en tama\u00f1os de v\u00e1stago de .131, .148 y .162. Incluye un a\u00f1o de garant\u00eda del fabricante. El RNS250 es extremadamente potente, ligero, r\u00e1pido y econ\u00f3mico. Cuenta con un sistema de disparo \u00fanico para maximizar la productividad, un gancho para cintur\u00f3n resistente y un dise\u00f1o compacto para una mayor maniobrabilidad. Esta clavadora para colgadores de PneuTools es excelente para amarres de correas, colgadores de viguetas, herrajes para enmarcar y tapas de postes.<\/p>\n<div><strong>ADVERTENCIA:<\/strong>\u00a0Residentes de California, este art\u00edculo califica para legislaci\u00f3n\u00a0<a href=\"https:\/\/www.p65warnings.ca.gov\/\" target=\"_blank\" rel=\"noopener\"><strong>Proposici\u00f3n 65<\/strong><\/a>\u00a0.<\/div>","protected":false},"featured_media":245,"template":"","meta":{"spay_email":""},"product_cat":[17,59],"product_tag":[60],"_links":{"self":[{"href":"http:\/\/www.buildinggroupusa.com\/es\/wp-json\/wp\/v2\/product\/244"}],"collection":[{"href":"http:\/\/www.buildinggroupusa.com\/es\/wp-json\/wp\/v2\/product"}],"about":[{"href":"http:\/\/www.buildinggroupusa.com\/es\/wp-json\/wp\/v2\/types\/product"}],"wp:featuredmedia":[{"embeddable":true,"href":"http:\/\/www.buildinggroupusa.com\/es\/wp-json\/wp\/v2\/media\/245"}],"wp:attachment":[{"href":"http:\/\/www.buildinggroupusa.com\/es\/wp-json\/wp\/v2\/media?parent=244"}],"wp:term":[{"taxonomy":"product_cat","embeddable":true,"href":"http:\/\/www.buildinggroupusa.com\/es\/wp-json\/wp\/v2\/product_cat?post=244"},{"taxonomy":"product_tag","embeddable":true,"href":"http:\/\/www.buildinggroupusa.com\/es\/wp-json\/wp\/v2\/product_tag?post=244"}],"curies":[{"name":"wp","href":"https:\/\/api.w.org\/{rel}","templated":true}]}}