{"id":242,"date":"2022-07-14T04:11:50","date_gmt":"2022-07-14T04:11:50","guid":{"rendered":"http:\/\/www.buildinggroupusa.com\/?post_type=product&#038;p=242"},"modified":"2022-10-11T04:09:30","modified_gmt":"2022-10-11T04:09:30","slug":"pneutools-rns150-ii-joist-hanger-nailer-1-1-2","status":"publish","type":"product","link":"http:\/\/www.buildinggroupusa.com\/es\/producto\/pneutools-rns150-ii-joist-hanger-nailer-1-1-2\/","title":{"rendered":"RNS150-II"},"content":{"rendered":"<p><strong>N\u00famero de cajas: <\/strong>1<\/p>\n<p><strong>Tipo de energ\u00eda:<\/strong> neum\u00e1tica<\/p>\n<p><strong>Longitud m\u00e1xima del sujetador:<\/strong> 1-1\/2&#8243;<\/p>\n<p><strong>Estuche\/Bolsa Incluida:<\/strong> NO<\/p>\n<p><strong>O<\/strong><strong>Presi\u00f3n de funcionamiento: 80-120 PSI <\/strong>80 to 120 PSI<\/p>\n<p>&nbsp;<\/p>","protected":false},"excerpt":{"rendered":"<p><strong>Joist Hanger Nailer, 1-1\/2&#8243;<\/strong><\/p>\n<p>La clavadora para colgar vigas de un solo golpe PneuTools RNS250\u00a0<a href=\"https:\/\/www.nailgundepot.com\/senco\/nails\/34-degree-metal-connector-nails\"><strong>Clavos para colgar endurecidos con cinta de papel de 1-1\/2\u2033 a 2-1\/2\u2033<\/strong><\/a>\u00a0en tama\u00f1os de v\u00e1stago de .131, .148 y .162. Incluye un a\u00f1o de garant\u00eda del fabricante. El RNS250 es extremadamente potente, ligero, r\u00e1pido y econ\u00f3mico. Cuenta con un sistema de disparo \u00fanico para maximizar la productividad, un gancho para cintur\u00f3n resistente y un dise\u00f1o compacto para una mayor maniobrabilidad. Esta clavadora para colgadores de PneuTools es excelente para amarres de correas, colgadores de viguetas, herrajes para enmarcar y tapas de postes.<\/p>\n<div><strong>ADVERTENCIA:<\/strong>\u00a0Residentes de California, este art\u00edculo califica para legislaci\u00f3n\u00a0<a href=\"https:\/\/www.p65warnings.ca.gov\/\" target=\"_blank\" rel=\"noopener\"><strong>Proposici\u00f3n 65<\/strong><\/a>\u00a0.<\/div>","protected":false},"featured_media":243,"template":"","meta":{"spay_email":""},"product_cat":[17,29],"product_tag":[60],"_links":{"self":[{"href":"http:\/\/www.buildinggroupusa.com\/es\/wp-json\/wp\/v2\/product\/242"}],"collection":[{"href":"http:\/\/www.buildinggroupusa.com\/es\/wp-json\/wp\/v2\/product"}],"about":[{"href":"http:\/\/www.buildinggroupusa.com\/es\/wp-json\/wp\/v2\/types\/product"}],"wp:featuredmedia":[{"embeddable":true,"href":"http:\/\/www.buildinggroupusa.com\/es\/wp-json\/wp\/v2\/media\/243"}],"wp:attachment":[{"href":"http:\/\/www.buildinggroupusa.com\/es\/wp-json\/wp\/v2\/media?parent=242"}],"wp:term":[{"taxonomy":"product_cat","embeddable":true,"href":"http:\/\/www.buildinggroupusa.com\/es\/wp-json\/wp\/v2\/product_cat?post=242"},{"taxonomy":"product_tag","embeddable":true,"href":"http:\/\/www.buildinggroupusa.com\/es\/wp-json\/wp\/v2\/product_tag?post=242"}],"curies":[{"name":"wp","href":"https:\/\/api.w.org\/{rel}","templated":true}]}}