{"id":240,"date":"2022-07-14T03:43:48","date_gmt":"2022-07-14T03:43:48","guid":{"rendered":"http:\/\/www.buildinggroupusa.com\/?post_type=product&#038;p=240"},"modified":"2022-10-11T04:11:19","modified_gmt":"2022-10-11T04:11:19","slug":"pneutools-rap-a-nail-150-metal-connector-nailer-1-1-2","status":"publish","type":"product","link":"http:\/\/www.buildinggroupusa.com\/es\/producto\/pneutools-rap-a-nail-150-metal-connector-nailer-1-1-2\/","title":{"rendered":"Rap-A-Nail"},"content":{"rendered":"<p><strong>N\u00famero de cajas: <\/strong>1<\/p>\n<p><strong>Collation Type:papper tape <\/strong><\/p>\n<p><strong>Manufacturer&#8217;s Warranty: <\/strong>One-Year Limited<\/p>\n<p><strong>Special Features: <\/strong>Belt Hook, Easy-View Nail Tip<\/p>\n<p><strong>Item Length: <\/strong>12&#8243;<\/p>\n<p><strong>Housing Material: <\/strong>Aluminum<\/p>\n<p><strong>Firing Type: <\/strong>Pressure<\/p>\n<p><strong>Tipo de aplicacion: <\/strong>Framing<\/p>\n<p><strong>Model: <\/strong>Rap-A-Nail 150<\/p>\n<p><strong>Power Source: <\/strong>Air<\/p>\n<p><strong>Diameter Range:\u00a0 <\/strong>.131&#8243; to .148&#8243;<\/p>\n<p><strong>Magazine Type: <\/strong>Strip<\/p>","protected":false},"excerpt":{"rendered":"<p><strong>Clavadora para conectores de metal 150, 1-1\/2\u2033<\/strong><\/p>\n<p>La clavadora neum\u00e1tica para conectores de metal Rap-A-Nail 150 de PneuTools, art\u00edculo n.\u00b0 RN150, impulsa\u00a0<a href=\"https:\/\/www.nailgundepot.com\/senco\/nails\/34-degree-metal-connector-nails\"><strong>Clavos para colgar endurecidos con cinta de papel de 1-1\/2\u2033 a 2-1\/2\u2033<\/strong><\/a>\u00a0en tama\u00f1os de v\u00e1stago de .131 y .148. Incluye un a\u00f1o de garant\u00eda del fabricante. Viene completo con gancho para cintur\u00f3n de alta resistencia y estuche de transporte de pl\u00e1stico. El RN150 es extremadamente liviano, r\u00e1pido y econ\u00f3mico. Un dise\u00f1o compacto y liviano reduce la fatiga y cabe f\u00e1cilmente entre las vigas centrales de 16\u2033. El PneuTools Rap-A-Nail 150 ofrece una configuraci\u00f3n intercalada para aumentar de manera efectiva la productividad en todas las aplicaciones de construcci\u00f3n que utilizan herrajes para armazones de metal, incluidos colgadores de vigas, correas, amarres, tapas de postes y m\u00e1s.<\/p>\n<div><strong>ADVERTENCIA:<\/strong>\u00a0Residentes de California, este art\u00edculo califica para legislaci\u00f3n\u00a0<a href=\"https:\/\/www.p65warnings.ca.gov\/\" target=\"_blank\" rel=\"noopener\"><strong>Proposici\u00f3n 65<\/strong><\/a>\u00a0.<\/div>","protected":false},"featured_media":241,"template":"","meta":{"spay_email":""},"product_cat":[17,59,29],"product_tag":[60],"_links":{"self":[{"href":"http:\/\/www.buildinggroupusa.com\/es\/wp-json\/wp\/v2\/product\/240"}],"collection":[{"href":"http:\/\/www.buildinggroupusa.com\/es\/wp-json\/wp\/v2\/product"}],"about":[{"href":"http:\/\/www.buildinggroupusa.com\/es\/wp-json\/wp\/v2\/types\/product"}],"wp:featuredmedia":[{"embeddable":true,"href":"http:\/\/www.buildinggroupusa.com\/es\/wp-json\/wp\/v2\/media\/241"}],"wp:attachment":[{"href":"http:\/\/www.buildinggroupusa.com\/es\/wp-json\/wp\/v2\/media?parent=240"}],"wp:term":[{"taxonomy":"product_cat","embeddable":true,"href":"http:\/\/www.buildinggroupusa.com\/es\/wp-json\/wp\/v2\/product_cat?post=240"},{"taxonomy":"product_tag","embeddable":true,"href":"http:\/\/www.buildinggroupusa.com\/es\/wp-json\/wp\/v2\/product_tag?post=240"}],"curies":[{"name":"wp","href":"https:\/\/api.w.org\/{rel}","templated":true}]}}