{"id":237,"date":"2022-07-14T03:10:27","date_gmt":"2022-07-14T03:10:27","guid":{"rendered":"http:\/\/www.buildinggroupusa.com\/?post_type=product&#038;p=237"},"modified":"2022-10-11T04:12:27","modified_gmt":"2022-10-11T04:12:27","slug":"pneutools-sn2283h-plastic-collated-strip-framing-nailer-2-to-3-1-2","status":"publish","type":"product","link":"http:\/\/www.buildinggroupusa.com\/es\/producto\/pneutools-sn2283h-plastic-collated-strip-framing-nailer-2-to-3-1-2\/","title":{"rendered":"SN2283H"},"content":{"rendered":"<p><strong>N\u00famero de cajas: <\/strong>1<\/p>\n<p><strong>Tipo de aplicacion: <\/strong>Framing<\/p>\n<p><strong>Longitud m\u00e1xima del sujetador: <\/strong>3-1\/2<\/p>\n<p><strong>Color del producto:<\/strong> Gris, Negro<\/p>\n<p><strong>Incluido en la caja: <\/strong>Gancho para cintur\u00f3n<\/p>\n<p><strong>Presi\u00f3n de funcionamiento: 80-120 PSI <\/strong>80 to 120 PSI<\/p>\n<p><strong>Tama\u00f1o de entrada de aire: <\/strong>1\/4&#8243; NPT<\/p>\n<p>&nbsp;<\/p>","protected":false},"excerpt":{"rendered":"<p><strong>Clavadora para marcos de tiras intercaladas de pl\u00e1stico, de 2\u2033 a 3-1\/2\u2033<\/strong><\/p>\n<p>La clavadora neum\u00e1tica para armazones de tiras Pneutools SN2283H clava clavos para armazones de tiras de pl\u00e1stico de 21 grados de 2\u2033 a 3-1\/2\u2033. Esta clavadora para enmarcar cuenta con un mecanismo de seguridad de una sola pieza de la vieja escuela con un gatillo de modo \u00fanico para optimizar la velocidad y la durabilidad. El SN2283H est\u00e1 dise\u00f1ado para eliminar da\u00f1os innecesarios por uso intensivo, lo que prolonga la vida \u00fatil de su herramienta.<\/p>\n<p>El SN2283H ofrece una potencia de salida de 101,95 julios\/75,2 libras-pie para los trabajos m\u00e1s dif\u00edciles. Otras caracter\u00edsticas incluyen un gatillo de impacto, una tapa de extremo de metal s\u00f3lido endurecido con un cargador de aluminio que contiene 64 clavos para enmarcar. Viene completo con un gancho para cintur\u00f3n y una garant\u00eda limitada de un a\u00f1o de Pneutools para una operaci\u00f3n sin preocupaciones.<\/p>\n<p><strong>ADVERTENCIA:<\/strong> Residentes de California, este art\u00edculo califica para la legislaci\u00f3n de la Propuesta 65.<\/p>","protected":false},"featured_media":238,"template":"","meta":{"spay_email":""},"product_cat":[17],"product_tag":[60],"_links":{"self":[{"href":"http:\/\/www.buildinggroupusa.com\/es\/wp-json\/wp\/v2\/product\/237"}],"collection":[{"href":"http:\/\/www.buildinggroupusa.com\/es\/wp-json\/wp\/v2\/product"}],"about":[{"href":"http:\/\/www.buildinggroupusa.com\/es\/wp-json\/wp\/v2\/types\/product"}],"wp:featuredmedia":[{"embeddable":true,"href":"http:\/\/www.buildinggroupusa.com\/es\/wp-json\/wp\/v2\/media\/238"}],"wp:attachment":[{"href":"http:\/\/www.buildinggroupusa.com\/es\/wp-json\/wp\/v2\/media?parent=237"}],"wp:term":[{"taxonomy":"product_cat","embeddable":true,"href":"http:\/\/www.buildinggroupusa.com\/es\/wp-json\/wp\/v2\/product_cat?post=237"},{"taxonomy":"product_tag","embeddable":true,"href":"http:\/\/www.buildinggroupusa.com\/es\/wp-json\/wp\/v2\/product_tag?post=237"}],"curies":[{"name":"wp","href":"https:\/\/api.w.org\/{rel}","templated":true}]}}