{"id":233,"date":"2022-07-14T02:41:37","date_gmt":"2022-07-14T02:41:37","guid":{"rendered":"http:\/\/www.buildinggroupusa.com\/?post_type=product&#038;p=233"},"modified":"2022-10-11T04:17:15","modified_gmt":"2022-10-11T04:17:15","slug":"1-1-2-x-148-smooth-shank-304-stainless-steel-joist-hanger-nail","status":"publish","type":"product","link":"http:\/\/www.buildinggroupusa.com\/es\/producto\/1-1-2-x-148-smooth-shank-304-stainless-steel-joist-hanger-nail\/","title":{"rendered":"Clavo para colgar vigas de acero inoxidable 304 de v\u00e1stago liso de 1-1\/2\u2033 x .148"},"content":{"rendered":"<div id=\"description\" class=\"data item content\" data-role=\"content\">\n<div class=\"data-container-constraint\">\n<div class=\"product-info-container\">\n<div class=\"product attribute description\">\n<div class=\"value\">\n<p><strong>N\u00famero de cajas:<\/strong> 100<\/p>\n<p><strong>Fastener Length: <\/strong>1-1\/2&#8243;<\/p>\n<p><strong>Brand:<\/strong> Jacco<\/p>\n<p><strong>Fastener Shank Diameter:\u00a0 .148&#8243;<\/strong><\/p>\n<p><strong>Fastener Shank Type: Smooth<\/strong><\/p>\n<p><strong>Product Degree\/Angl: 30-34 Degree<\/strong><\/p>\n<p><strong>Collation Type: Papper Tape<\/strong><\/p>\n<p><strong>Fastener Material: <\/strong>304 Stainless Steel<\/p>\n<p><strong>Fastener Type: <\/strong>Metal Connector Nail<\/p>\n<\/div>\n<\/div>\n<\/div>\n<\/div>\n<\/div>\n<div id=\"additional\" class=\"data item content\" data-role=\"content\">\n<div class=\"data-container-constraint\">\n<div class=\"product-info-container\"><\/div>\n<\/div>\n<\/div>\n<p>&nbsp;<\/p>","protected":false},"excerpt":{"rendered":"<div class=\"value\">\n<div>El JAPP4D148SS, 1-1\/2\u2033 x .148 V\u00e1stago liso, Clavo para colgar vigas de acero inoxidable 304:<\/div>\n<div><\/div>\n<div class=\" translation-block\"><strong>Herramientas compatibles:<\/strong> Paslode F250S-PP, PF150S-PP, Metabo HPT NR65AK2M, PneuTools RN250, RNS150-II, RNS250, Stanley Bostitch F21PL, MCN150, MCN250, MCN250S, F33PT, Dewalt DWMC150, MAX SN438J, y la mayor\u00eda de las dem\u00e1s clavadoras de conectores de metal de 30 a 34 grados.<\/div>\n<div><\/div>\n<div class=\" translation-block\"><strong>Aplicaciones adecuadas:<\/strong>\u00a0Estos clavos para colgadores de viguetas de tiras de papel son excelentes para instalar colgadores de viguetas y conectores de metal, bases de postes, correas para huracanes y otras aplicaciones de herrajes para armazones de metal.<\/div>\n<div class=\" translation-block\"><strong>Sujetadores intercambiables:<\/strong>\u00a0Jaaco (JAPP4D148SS).<\/div>\n<p class=\" translation-block\"><strong>Tenga en cuenta:<\/strong>\u00a0seg\u00fan la disponibilidad, podemos sustituir este producto con un intercambio id\u00e9ntico de otra marca, como Senco, Spotnails o SureFit. Las especificaciones del producto, el n\u00famero de cajas y la calidad de construcci\u00f3n seguir\u00e1n siendo id\u00e9nticas, pero pueden llegar en un embalaje alternativo. Si tiene requisitos de marca espec\u00edficos para su pedido de sujetadores, especif\u00edquelos en la secci\u00f3n de comentarios durante el pago.<\/p>\n<\/div>\n<div><strong>ADVERTENCIA:<\/strong>\u00a0Residentes de California, este art\u00edculo califica para legislaci\u00f3n\u00a0<a href=\"https:\/\/www.p65warnings.ca.gov\/\" target=\"_blank\" rel=\"noopener\"><strong>Proposici\u00f3n 65<\/strong><\/a>\u00a0.<\/div>","protected":false},"featured_media":234,"template":"","meta":{"spay_email":""},"product_cat":[17,29],"product_tag":[],"_links":{"self":[{"href":"http:\/\/www.buildinggroupusa.com\/es\/wp-json\/wp\/v2\/product\/233"}],"collection":[{"href":"http:\/\/www.buildinggroupusa.com\/es\/wp-json\/wp\/v2\/product"}],"about":[{"href":"http:\/\/www.buildinggroupusa.com\/es\/wp-json\/wp\/v2\/types\/product"}],"wp:featuredmedia":[{"embeddable":true,"href":"http:\/\/www.buildinggroupusa.com\/es\/wp-json\/wp\/v2\/media\/234"}],"wp:attachment":[{"href":"http:\/\/www.buildinggroupusa.com\/es\/wp-json\/wp\/v2\/media?parent=233"}],"wp:term":[{"taxonomy":"product_cat","embeddable":true,"href":"http:\/\/www.buildinggroupusa.com\/es\/wp-json\/wp\/v2\/product_cat?post=233"},{"taxonomy":"product_tag","embeddable":true,"href":"http:\/\/www.buildinggroupusa.com\/es\/wp-json\/wp\/v2\/product_tag?post=233"}],"curies":[{"name":"wp","href":"https:\/\/api.w.org\/{rel}","templated":true}]}}