{"id":230,"date":"2022-07-13T21:28:34","date_gmt":"2022-07-13T21:28:34","guid":{"rendered":"http:\/\/www.buildinggroupusa.com\/?post_type=product&#038;p=230"},"modified":"2022-07-25T06:51:52","modified_gmt":"2022-07-25T06:51:52","slug":"boise-cascade-6482305-1-1-2-x-0-099-smooth-15-degree-hardened-round-head-coil-wire-nail-12m-copy","status":"publish","type":"product","link":"http:\/\/www.buildinggroupusa.com\/es\/producto\/boise-cascade-6482305-1-1-2-x-0-099-smooth-15-degree-hardened-round-head-coil-wire-nail-12m-copy\/","title":{"rendered":"HPT 12400"},"content":{"rendered":"<div id=\"description\" class=\"data item content\" data-role=\"content\">\n<div class=\"data-container-constraint\">\n<div class=\"product-info-container\">\n<div class=\"product attribute description\">\n<div class=\"value\">\n<p>Estos clavos en espiral de alambre tienen 1-1\/2\u201d de largo x 0,099 de di\u00e1metro. Son clavos de 16\u00b0 (+\/- 1\u00b0), bobina de alambre intercalada, cabeza redonda completa, v\u00e1stago liso. Estos clavos son endurecidos, brillantes, sin recubrimiento, no aptos para uso en cedro, secoya, madera tratada o aplicaciones expuestas. Son compatibles con las siguientes clavadoras neum\u00e1ticas Metabo HPT: NV65AN, NV83A5, NV90AGS. Tambi\u00e9n son compatibles con la mayor\u00eda de las clavadoras de armaz\u00f3n de bobina de alambre de cabeza redonda.<\/p>\n<\/div>\n<\/div>\n<\/div>\n<\/div>\n<\/div>\n<div id=\"additional\" class=\"data item content\" data-role=\"content\">\n<div class=\"data-container-constraint\">\n<div class=\"product-info-container\"><strong>Peso:<\/strong> 18.130000<\/div>\n<\/div>\n<\/div>\n<p><b>Recuento de patines:\u00a0 <\/b>48<\/p>\n<p><strong>Caracter\u00edsticas:<\/strong><\/p>\n<ul>\n<li>Nails measure 1-1\/2\u201d in length x .099 diameter<\/li>\n<li>16\u00b0 (+\/- 1\u00b0) Wire Coil Collated Framing Nails: fits most round head, wire coil framing nailers<\/li>\n<li>Smooth Shank Nail: Provides sufficient holding power in most wood applications<\/li>\n<li>Hardened, Bright, non-coated nails not for use in cedar, redwood, treated wood or exposed applications.<\/li>\n<li>Compatibility: Use with Metabo HPT nailers (Including NV65AN, NV83A5, NV90AGS)<\/li>\n<li>Count: Approximately 4,500 collated nails per box<\/li>\n<\/ul>\n<p>Este producto puede exponerlo a una sustancia qu\u00edmica (o sustancias qu\u00edmicas) que el Estado de California reconoce como causantes de c\u00e1ncer o da\u00f1os reproductivos. Para m\u00e1s informaci\u00f3n ir <a href=\"https:\/\/www.p65warnings.ca.gov\/\" target=\"_blank\" rel=\"noopener\">www.P65Warnings.ca.gov<\/a>Skid Count<\/p>","protected":false},"excerpt":{"rendered":"<p><strong>Clavo de alambre en espiral de cabeza redonda de 1-1\/2\u2033 x 0,099 (4,5 m)<\/strong><\/p>\n<p>Estos clavos en espiral de alambre tienen 1-1\/2\u201d de largo x 0,099 de di\u00e1metro. Son clavos de 16\u00b0 (+\/- 1\u00b0), bobina de alambre intercalada, cabeza redonda completa, v\u00e1stago liso. Estos clavos son endurecidos, brillantes, sin recubrimiento, no aptos para uso en cedro, secoya, madera tratada o aplicaciones expuestas. Son compatibles con las siguientes clavadoras neum\u00e1ticas Metabo HPT: NV65AN, NV83A5, NV90AGS. Tambi\u00e9n son compatibles con la mayor\u00eda de las clavadoras de armaz\u00f3n de bobina de alambre de cabeza redonda.<\/p>","protected":false},"featured_media":231,"template":"","meta":{"spay_email":""},"product_cat":[17,27,57],"product_tag":[64],"_links":{"self":[{"href":"http:\/\/www.buildinggroupusa.com\/es\/wp-json\/wp\/v2\/product\/230"}],"collection":[{"href":"http:\/\/www.buildinggroupusa.com\/es\/wp-json\/wp\/v2\/product"}],"about":[{"href":"http:\/\/www.buildinggroupusa.com\/es\/wp-json\/wp\/v2\/types\/product"}],"wp:featuredmedia":[{"embeddable":true,"href":"http:\/\/www.buildinggroupusa.com\/es\/wp-json\/wp\/v2\/media\/231"}],"wp:attachment":[{"href":"http:\/\/www.buildinggroupusa.com\/es\/wp-json\/wp\/v2\/media?parent=230"}],"wp:term":[{"taxonomy":"product_cat","embeddable":true,"href":"http:\/\/www.buildinggroupusa.com\/es\/wp-json\/wp\/v2\/product_cat?post=230"},{"taxonomy":"product_tag","embeddable":true,"href":"http:\/\/www.buildinggroupusa.com\/es\/wp-json\/wp\/v2\/product_tag?post=230"}],"curies":[{"name":"wp","href":"https:\/\/api.w.org\/{rel}","templated":true}]}}